{"id":5161,"date":"2024-12-01T18:08:11","date_gmt":"2024-12-01T18:08:11","guid":{"rendered":"https:\/\/www.printings-n.com\/produit\/panneaux-immobiliers-realestatesigns-2\/"},"modified":"2024-12-01T18:08:12","modified_gmt":"2024-12-01T18:08:12","slug":"realestatesigns-2-cartelli-immobiliari","status":"publish","type":"product","link":"https:\/\/www.printings-n.com\/it\/prodotto\/realestatesigns-2-cartelli-immobiliari\/","title":{"rendered":"Segnaletica di propriet\u00e0"},"content":{"rendered":"<p>Volete un'insegna che resista al vento e alla pioggia? Allora questi cartelli versatili e riutilizzabili vi aiuteranno a fare vendite! Spesso utilizzati nel settore immobiliare, sono facili da attaccare alle finestre e potete abbellire il vostro cartello con i nostri adesivi? Scegliete tra la nostra selezione di adesivi per vendita, vendita o affitto per tenere informati i vostri clienti, poi staccateli per il vostro prossimo immobile!<\/p>","protected":false},"excerpt":{"rendered":"<p>Vous voulez un panneau qui r\u00e9siste au vent et \u00e0 la pluie ? Alors ces panneaux polyvalents et r\u00e9utilisables vous aideront \u00e0 concr\u00e9tiser vos ventes ! Souvent utilis\u00e9s dans le secteur de l&#039;immobilier, ils se fixent facilement aux fen\u00eatres, vous pourrez accessoiriser votre panneau avec nos stickers ? Choisissez parmi notre s\u00e9lection d&#039;autocollants \u00e0 vendre, [&hellip;]<\/p>\n","protected":false},"featured_media":5162,"comment_status":"open","ping_status":"closed","template":"","meta":[],"product_brand":[],"product_cat":[125],"product_tag":[],"class_list":{"0":"post-5161","1":"product","2":"type-product","3":"status-publish","4":"has-post-thumbnail","6":"product_cat-stands-et-enseignes","8":"first","9":"instock","10":"taxable","11":"shipping-taxable","12":"product-type-simple"},"_links":{"self":[{"href":"https:\/\/www.printings-n.com\/it\/wp-json\/wp\/v2\/product\/5161","targetHints":{"allow":["GET"]}}],"collection":[{"href":"https:\/\/www.printings-n.com\/it\/wp-json\/wp\/v2\/product"}],"about":[{"href":"https:\/\/www.printings-n.com\/it\/wp-json\/wp\/v2\/types\/product"}],"replies":[{"embeddable":true,"href":"https:\/\/www.printings-n.com\/it\/wp-json\/wp\/v2\/comments?post=5161"}],"wp:featuredmedia":[{"embeddable":true,"href":"https:\/\/www.printings-n.com\/it\/wp-json\/wp\/v2\/media\/5162"}],"wp:attachment":[{"href":"https:\/\/www.printings-n.com\/it\/wp-json\/wp\/v2\/media?parent=5161"}],"wp:term":[{"taxonomy":"product_brand","embeddable":true,"href":"https:\/\/www.printings-n.com\/it\/wp-json\/wp\/v2\/product_brand?post=5161"},{"taxonomy":"product_cat","embeddable":true,"href":"https:\/\/www.printings-n.com\/it\/wp-json\/wp\/v2\/product_cat?post=5161"},{"taxonomy":"product_tag","embeddable":true,"href":"https:\/\/www.printings-n.com\/it\/wp-json\/wp\/v2\/product_tag?post=5161"}],"curies":[{"name":"wp","href":"https:\/\/api.w.org\/{rel}","templated":true}]}}