{"id":5151,"date":"2024-12-01T18:06:43","date_gmt":"2024-12-01T18:06:43","guid":{"rendered":"https:\/\/www.printings-n.com\/produit\/stands-dexpo-tubes-tubestand-2\/"},"modified":"2024-12-01T18:06:43","modified_gmt":"2024-12-01T18:06:43","slug":"dexpo-tubi-stand-tubestand-2","status":"publish","type":"product","link":"https:\/\/www.printings-n.com\/it\/prodotto\/dexpo-tubi-stand-tubestand-2\/","title":{"rendered":"Stand espositivi in tubo"},"content":{"rendered":"<p>Lo stand espositivo in tubo sar\u00e0 presto indispensabile per il successo delle vostre fiere ed eventi! Grazie alla sua straordinaria facilit\u00e0 di montaggio, senza bisogno di attrezzi, avrete uno spazio davvero personalizzato in pochi istanti. Grazie alla stampa durevole dei vostri colori aziendali su un tessuto di poliestere elasticizzato e lavabile a 30\u00baC, avrete la certezza di un'immagine professionale per molto tempo. Riutilizzabile all'infinito, lo stand espositivo a tubo \u00e8 quello che fa per voi!<\/p>","protected":false},"excerpt":{"rendered":"<p>Le stand d&#039;expo tube sera bient\u00f4t indispensable \u00e0 la r\u00e9ussite de vos salons et \u00e9v\u00e9nements ! En effet, gr\u00e2ce \u00e0 son extraordinaire facilement de montage, sans avoir besoin d&#039;outils, vous obtenez un espace v\u00e9ritablement personnalis\u00e9 en seulement quelques instants. Avec son impression durable aux couleurs de votre entreprise le tout sur une toile stretch en [&hellip;]<\/p>\n","protected":false},"featured_media":5152,"comment_status":"open","ping_status":"closed","template":"","meta":[],"product_brand":[],"product_cat":[125],"product_tag":[],"class_list":{"0":"post-5151","1":"product","2":"type-product","3":"status-publish","4":"has-post-thumbnail","6":"product_cat-stands-et-enseignes","8":"first","9":"instock","10":"taxable","11":"shipping-taxable","12":"product-type-simple"},"_links":{"self":[{"href":"https:\/\/www.printings-n.com\/it\/wp-json\/wp\/v2\/product\/5151","targetHints":{"allow":["GET"]}}],"collection":[{"href":"https:\/\/www.printings-n.com\/it\/wp-json\/wp\/v2\/product"}],"about":[{"href":"https:\/\/www.printings-n.com\/it\/wp-json\/wp\/v2\/types\/product"}],"replies":[{"embeddable":true,"href":"https:\/\/www.printings-n.com\/it\/wp-json\/wp\/v2\/comments?post=5151"}],"wp:featuredmedia":[{"embeddable":true,"href":"https:\/\/www.printings-n.com\/it\/wp-json\/wp\/v2\/media\/5152"}],"wp:attachment":[{"href":"https:\/\/www.printings-n.com\/it\/wp-json\/wp\/v2\/media?parent=5151"}],"wp:term":[{"taxonomy":"product_brand","embeddable":true,"href":"https:\/\/www.printings-n.com\/it\/wp-json\/wp\/v2\/product_brand?post=5151"},{"taxonomy":"product_cat","embeddable":true,"href":"https:\/\/www.printings-n.com\/it\/wp-json\/wp\/v2\/product_cat?post=5151"},{"taxonomy":"product_tag","embeddable":true,"href":"https:\/\/www.printings-n.com\/it\/wp-json\/wp\/v2\/product_tag?post=5151"}],"curies":[{"name":"wp","href":"https:\/\/api.w.org\/{rel}","templated":true}]}}