{"id":5142,"date":"2024-12-01T18:06:32","date_gmt":"2024-12-01T18:06:32","guid":{"rendered":"https:\/\/www.printings-n.com\/produit\/stands-parapluies-courbes-curvedpopupwall-2\/"},"modified":"2024-12-01T18:06:33","modified_gmt":"2024-12-01T18:06:33","slug":"curvedpopupwall-2-portaombrelli","status":"publish","type":"product","link":"https:\/\/www.printings-n.com\/it\/prodotto\/curvedpopupwall-2-portaombrelli\/","title":{"rendered":"Portaombrelli curvi"},"content":{"rendered":"<p>Create uno sfondo potente per il vostro marchio con questo elegante portaombrelli curvo! Il nostro banner curvo d'impatto ha un grande impatto a un costo contenuto. Facile e veloce da montare, il portaombrelli \u00e8 robusto, durevole e pronto per un uso ripetuto! Portatelo con voi ai vostri eventi grazie alla pratica borsa per il trasporto e fatevi notare.<br \/>\n&lt;br&gt;&lt;br&gt;<br \/>\nNota: la stampa verr&agrave; consegnata in 6 pezzi facili da montare, progettati per adattarsi perfettamente alla struttura grazie a strisce magnetiche integrate. Le strisce sono attaccate al retro del materiale della tela, rendendo facile l&#039;installazione! &lt;br&gt;&lt;br&gt;<br \/>\nDesidera ordinare una sola tela? Contattate il nostro servizio clienti via chat. Non dimenticate di fornirci le dimensioni della vostra vecchia cornice, in modo da poterla integrare nell'ordine. <\/p>","protected":false},"excerpt":{"rendered":"<p>Cr\u00e9ez une puissante toile de fond pour votre marque avec cet \u00e9l\u00e9gant stand parapluie courb\u00e9 ! Notre banni\u00e8re d&#039;impact courb\u00e9e a un fort impact \u00e0 un faible co\u00fbt. Facile et rapide \u00e0 assembler, le stand est solide, durable, et pr\u00eat \u00e0 \u00eatre utilis\u00e9 \u00e0 plusieurs reprises ! Emportez-le avec vous lors de vos \u00e9v\u00e9nements gr\u00e2ce [&hellip;]<\/p>\n","protected":false},"featured_media":5143,"comment_status":"open","ping_status":"closed","template":"","meta":[],"product_brand":[],"product_cat":[125],"product_tag":[],"class_list":{"0":"post-5142","1":"product","2":"type-product","3":"status-publish","4":"has-post-thumbnail","6":"product_cat-stands-et-enseignes","8":"first","9":"instock","10":"taxable","11":"shipping-taxable","12":"product-type-simple"},"_links":{"self":[{"href":"https:\/\/www.printings-n.com\/it\/wp-json\/wp\/v2\/product\/5142","targetHints":{"allow":["GET"]}}],"collection":[{"href":"https:\/\/www.printings-n.com\/it\/wp-json\/wp\/v2\/product"}],"about":[{"href":"https:\/\/www.printings-n.com\/it\/wp-json\/wp\/v2\/types\/product"}],"replies":[{"embeddable":true,"href":"https:\/\/www.printings-n.com\/it\/wp-json\/wp\/v2\/comments?post=5142"}],"wp:featuredmedia":[{"embeddable":true,"href":"https:\/\/www.printings-n.com\/it\/wp-json\/wp\/v2\/media\/5143"}],"wp:attachment":[{"href":"https:\/\/www.printings-n.com\/it\/wp-json\/wp\/v2\/media?parent=5142"}],"wp:term":[{"taxonomy":"product_brand","embeddable":true,"href":"https:\/\/www.printings-n.com\/it\/wp-json\/wp\/v2\/product_brand?post=5142"},{"taxonomy":"product_cat","embeddable":true,"href":"https:\/\/www.printings-n.com\/it\/wp-json\/wp\/v2\/product_cat?post=5142"},{"taxonomy":"product_tag","embeddable":true,"href":"https:\/\/www.printings-n.com\/it\/wp-json\/wp\/v2\/product_tag?post=5142"}],"curies":[{"name":"wp","href":"https:\/\/api.w.org\/{rel}","templated":true}]}}