{"id":5116,"date":"2024-12-01T17:59:25","date_gmt":"2024-12-01T17:59:25","guid":{"rendered":"https:\/\/www.printings-n.com\/produit\/banderole-pour-scene-speakerbanner\/"},"modified":"2024-12-01T17:59:25","modified_gmt":"2024-12-01T17:59:25","slug":"banner-per-oratori-banner-per-palcoscenico","status":"publish","type":"product","link":"https:\/\/www.printings-n.com\/it\/prodotto\/banner-per-oratori-banner-per-palcoscenico\/","title":{"rendered":"Striscione di scena"},"content":{"rendered":"<p>Avez-vous besoin d&#039;une banderole pour sc\u00e8ne de haute qualit\u00e9 ? Voulez-vous  cacher vos haut-parleurs lors d&#039;un concert ou d&#039;un festival ? Il est temps de montrer votre marque \u00e0 tous les participants de l&#039;\u00e9v\u00e9nement sans perdre de qualit\u00e9 sonore. Vous pouvez s\u00e9lectionner vous-m\u00eame la taille et choisir parmi deux mat\u00e9riaux diff\u00e9rents et plusieurs finitions.<br \/>\nCommandez d\u00e8s maintenant votre Banderole pour sc\u00e8ne avec [site_name] !<br \/>\nLes mat\u00e9riaux Soundmesh et Polymesh ont tous deux une structure de maille ouverte qui laisse parfaitement passer le son et le vent. Soundmesh est certifi\u00e9 B1 pour le feu, ce qui en fait le meilleur choix pour les \u00e9v\u00e9nements.&lt;br&gt;&lt;br&gt;<br \/>\nRemarque : Les tissus Soundmesh Polymesh d&#039;une largeur sup\u00e9rieure \u00e0 3,06 m\u00e8tres sont soud\u00e9s ensemble et envoy\u00e9s pli\u00e9s. Avec un mat\u00e9riau Soundmesh haut de gamme, c&#039;est \u00e0 partir de 4,94 m\u00e8tres.<\/p>\n","protected":false},"excerpt":{"rendered":"<p>Avez-vous besoin d&#039;une banderole pour sc\u00e8ne de haute qualit\u00e9 ? Voulez-vous cacher vos haut-parleurs lors d&#039;un concert ou d&#039;un festival ? Il est temps de montrer votre marque \u00e0 tous les participants de l&#039;\u00e9v\u00e9nement sans perdre de qualit\u00e9 sonore. Vous pouvez s\u00e9lectionner vous-m\u00eame la taille et choisir parmi deux mat\u00e9riaux diff\u00e9rents et plusieurs finitions. Commandez [&hellip;]<\/p>\n","protected":false},"featured_media":5117,"comment_status":"open","ping_status":"closed","template":"","meta":[],"product_brand":[],"product_cat":[124],"product_tag":[],"class_list":{"0":"post-5116","1":"product","2":"type-product","3":"status-publish","4":"has-post-thumbnail","6":"product_cat-bannieres","8":"first","9":"instock","10":"taxable","11":"shipping-taxable","12":"product-type-simple"},"_links":{"self":[{"href":"https:\/\/www.printings-n.com\/it\/wp-json\/wp\/v2\/product\/5116","targetHints":{"allow":["GET"]}}],"collection":[{"href":"https:\/\/www.printings-n.com\/it\/wp-json\/wp\/v2\/product"}],"about":[{"href":"https:\/\/www.printings-n.com\/it\/wp-json\/wp\/v2\/types\/product"}],"replies":[{"embeddable":true,"href":"https:\/\/www.printings-n.com\/it\/wp-json\/wp\/v2\/comments?post=5116"}],"wp:featuredmedia":[{"embeddable":true,"href":"https:\/\/www.printings-n.com\/it\/wp-json\/wp\/v2\/media\/5117"}],"wp:attachment":[{"href":"https:\/\/www.printings-n.com\/it\/wp-json\/wp\/v2\/media?parent=5116"}],"wp:term":[{"taxonomy":"product_brand","embeddable":true,"href":"https:\/\/www.printings-n.com\/it\/wp-json\/wp\/v2\/product_brand?post=5116"},{"taxonomy":"product_cat","embeddable":true,"href":"https:\/\/www.printings-n.com\/it\/wp-json\/wp\/v2\/product_cat?post=5116"},{"taxonomy":"product_tag","embeddable":true,"href":"https:\/\/www.printings-n.com\/it\/wp-json\/wp\/v2\/product_tag?post=5116"}],"curies":[{"name":"wp","href":"https:\/\/api.w.org\/{rel}","templated":true}]}}