{"id":5001,"date":"2024-12-01T17:19:36","date_gmt":"2024-12-01T17:19:36","guid":{"rendered":"https:\/\/www.printings-n.com\/produit\/porte-menu-illumine-par-led-menustandoutdoorlocksilver\/"},"modified":"2024-12-01T17:19:37","modified_gmt":"2024-12-01T17:19:37","slug":"menu-illuminato-a-led-porta-menustandoutdoorlocksilver","status":"publish","type":"product","link":"https:\/\/www.printings-n.com\/it\/prodotto\/menu-illuminato-a-led-porta-menustandoutdoorlocksilver\/","title":{"rendered":"Porta menu illuminato a LED"},"content":{"rendered":"<p>Vous avez une sp\u00e9cialit\u00e9 \u00e0 faire conna\u00eetre ? Faites remarquer votre restaurant ou votre bar jour et nuit avec le Porte-menu illumin\u00e9 par LED ! Ce porte-menu est disponible avec ou sans \u00e9clairage LED pour faire bonne impression et vous donner une longueur d&#039;avance sur vos concurrents. Commandez d\u00e8s maintenant \u00e0 [site_name] !<br \/>\n&lt;br&gt;&lt;br&gt;<br \/>\nVeuillez noter que ce produit ne peut pas \u00eatre personnalis\u00e9. Pour un r\u00e9sultat optimal, combinez-le avec l&#039;une de nos affiches.<\/p>\n","protected":false},"excerpt":{"rendered":"<p>Vous avez une sp\u00e9cialit\u00e9 \u00e0 faire conna\u00eetre ? Faites remarquer votre restaurant ou votre bar jour et nuit avec le Porte-menu illumin\u00e9 par LED ! Ce porte-menu est disponible avec ou sans \u00e9clairage LED pour faire bonne impression et vous donner une longueur d&#039;avance sur vos concurrents. Commandez d\u00e8s maintenant \u00e0 [site_name] ! &lt;br&gt;&lt;br&gt; Veuillez [&hellip;]<\/p>\n","protected":false},"featured_media":5002,"comment_status":"open","ping_status":"closed","template":"","meta":[],"product_brand":[],"product_cat":[118],"product_tag":[],"class_list":{"0":"post-5001","1":"product","2":"type-product","3":"status-publish","4":"has-post-thumbnail","6":"product_cat-autres-supports-exterieurs","8":"first","9":"instock","10":"taxable","11":"shipping-taxable","12":"product-type-simple"},"_links":{"self":[{"href":"https:\/\/www.printings-n.com\/it\/wp-json\/wp\/v2\/product\/5001","targetHints":{"allow":["GET"]}}],"collection":[{"href":"https:\/\/www.printings-n.com\/it\/wp-json\/wp\/v2\/product"}],"about":[{"href":"https:\/\/www.printings-n.com\/it\/wp-json\/wp\/v2\/types\/product"}],"replies":[{"embeddable":true,"href":"https:\/\/www.printings-n.com\/it\/wp-json\/wp\/v2\/comments?post=5001"}],"wp:featuredmedia":[{"embeddable":true,"href":"https:\/\/www.printings-n.com\/it\/wp-json\/wp\/v2\/media\/5002"}],"wp:attachment":[{"href":"https:\/\/www.printings-n.com\/it\/wp-json\/wp\/v2\/media?parent=5001"}],"wp:term":[{"taxonomy":"product_brand","embeddable":true,"href":"https:\/\/www.printings-n.com\/it\/wp-json\/wp\/v2\/product_brand?post=5001"},{"taxonomy":"product_cat","embeddable":true,"href":"https:\/\/www.printings-n.com\/it\/wp-json\/wp\/v2\/product_cat?post=5001"},{"taxonomy":"product_tag","embeddable":true,"href":"https:\/\/www.printings-n.com\/it\/wp-json\/wp\/v2\/product_tag?post=5001"}],"curies":[{"name":"wp","href":"https:\/\/api.w.org\/{rel}","templated":true}]}}