{"id":4997,"date":"2024-12-01T17:19:24","date_gmt":"2024-12-01T17:19:24","guid":{"rendered":"https:\/\/www.printings-n.com\/produit\/tonnelle-personnalisee-gazebotent\/"},"modified":"2024-12-01T17:19:25","modified_gmt":"2024-12-01T17:19:25","slug":"gazebotent-gazebo-personalizzato","status":"publish","type":"product","link":"https:\/\/www.printings-n.com\/it\/prodotto\/gazebotent-gazebo-personalizzato\/","title":{"rendered":"Pergolato personalizzato"},"content":{"rendered":"<p>Questo tendone personalizzato \u00e8 un modo fantastico per promuovere il vostro evento, mostra o conferenza. Il barnum \u00e8 facile da montare e ha una struttura robusta. \u00c8 possibile scegliere tra 4 diverse opzioni per le pareti. Basta aggiungere il vostro disegno per distinguervi dalla concorrenza! Il telaio \u00e8 sempre incluso e i pannelli sono stampati solo su un lato.<br \/>\n&lt;br&gt;&lt;br&gt;<br \/>\nNota: il gazebo \u00e8 stampato solo su un lato, mentre le pareti saranno stampate all'interno. Cercate un gazebo double-face? Contattateci per un preventivo.<\/p>","protected":false},"excerpt":{"rendered":"<p>Cette Tonnelle personnalis\u00e9e est un moyen fantastique de promouvoir votre \u00e9v\u00e9nement, votre exposition ou votre conf\u00e9rence. Le barnum est facile \u00e0 monter avec une armature solide. Vous pouvez choisir parmi 4 options murales diff\u00e9rentes. Il suffit d&#039;ajouter votre design pour vous d\u00e9marquer de la concurrence ! Le cadre est toujours inclus et les panneaux sont [&hellip;]<\/p>\n","protected":false},"featured_media":4998,"comment_status":"open","ping_status":"closed","template":"","meta":[],"product_brand":[],"product_cat":[118],"product_tag":[],"class_list":{"0":"post-4997","1":"product","2":"type-product","3":"status-publish","4":"has-post-thumbnail","6":"product_cat-autres-supports-exterieurs","8":"first","9":"instock","10":"taxable","11":"shipping-taxable","12":"product-type-simple"},"_links":{"self":[{"href":"https:\/\/www.printings-n.com\/it\/wp-json\/wp\/v2\/product\/4997","targetHints":{"allow":["GET"]}}],"collection":[{"href":"https:\/\/www.printings-n.com\/it\/wp-json\/wp\/v2\/product"}],"about":[{"href":"https:\/\/www.printings-n.com\/it\/wp-json\/wp\/v2\/types\/product"}],"replies":[{"embeddable":true,"href":"https:\/\/www.printings-n.com\/it\/wp-json\/wp\/v2\/comments?post=4997"}],"wp:featuredmedia":[{"embeddable":true,"href":"https:\/\/www.printings-n.com\/it\/wp-json\/wp\/v2\/media\/4998"}],"wp:attachment":[{"href":"https:\/\/www.printings-n.com\/it\/wp-json\/wp\/v2\/media?parent=4997"}],"wp:term":[{"taxonomy":"product_brand","embeddable":true,"href":"https:\/\/www.printings-n.com\/it\/wp-json\/wp\/v2\/product_brand?post=4997"},{"taxonomy":"product_cat","embeddable":true,"href":"https:\/\/www.printings-n.com\/it\/wp-json\/wp\/v2\/product_cat?post=4997"},{"taxonomy":"product_tag","embeddable":true,"href":"https:\/\/www.printings-n.com\/it\/wp-json\/wp\/v2\/product_tag?post=4997"}],"curies":[{"name":"wp","href":"https:\/\/api.w.org\/{rel}","templated":true}]}}