{"id":4987,"date":"2024-12-01T17:19:02","date_gmt":"2024-12-01T17:19:02","guid":{"rendered":"https:\/\/www.printings-n.com\/produit\/couverture-de-pique-nique-picnickblanket-2\/"},"modified":"2024-12-01T17:19:03","modified_gmt":"2024-12-01T17:19:03","slug":"coperta-da-picnic-picnickblanket-2","status":"publish","type":"product","link":"https:\/\/www.printings-n.com\/it\/prodotto\/coperta-da-picnic-picnickblanket-2\/","title":{"rendered":"Coperta da picnic"},"content":{"rendered":"<p>Sognate le calde giornate estive sulla spiaggia o una serata al parco? Una coperta da picnic personalizzata \u00e8 l'ideale per rendere ogni occasione ancora pi\u00f9 speciale e pratica. Con 3 diverse misure disponibili, potrete facilmente piegare e riporre questa versatile coperta da picnic e creare ricordi ovunque andiate.<\/p>","protected":false},"excerpt":{"rendered":"<p>Vous r\u00eavez de ces chaudes journ\u00e9es d&#039;\u00e9t\u00e9 sur la plage ou d&#039;une soir\u00e9e au parc ? Alors une couverture personnalis\u00e9e Couverture de pique-nique est id\u00e9ale pour rendre chaque occasion encore plus sp\u00e9ciale et pratique. Avec 3 tailles diff\u00e9rentes disponibles, vous pouvez plier et ranger facilement cette couverture de pique-nique polyvalente et cr\u00e9er des souvenirs, o\u00f9 [&hellip;]<\/p>\n","protected":false},"featured_media":4988,"comment_status":"open","ping_status":"closed","template":"","meta":[],"product_brand":[],"product_cat":[118],"product_tag":[],"class_list":{"0":"post-4987","1":"product","2":"type-product","3":"status-publish","4":"has-post-thumbnail","6":"product_cat-autres-supports-exterieurs","8":"first","9":"instock","10":"taxable","11":"shipping-taxable","12":"product-type-simple"},"_links":{"self":[{"href":"https:\/\/www.printings-n.com\/it\/wp-json\/wp\/v2\/product\/4987","targetHints":{"allow":["GET"]}}],"collection":[{"href":"https:\/\/www.printings-n.com\/it\/wp-json\/wp\/v2\/product"}],"about":[{"href":"https:\/\/www.printings-n.com\/it\/wp-json\/wp\/v2\/types\/product"}],"replies":[{"embeddable":true,"href":"https:\/\/www.printings-n.com\/it\/wp-json\/wp\/v2\/comments?post=4987"}],"wp:featuredmedia":[{"embeddable":true,"href":"https:\/\/www.printings-n.com\/it\/wp-json\/wp\/v2\/media\/4988"}],"wp:attachment":[{"href":"https:\/\/www.printings-n.com\/it\/wp-json\/wp\/v2\/media?parent=4987"}],"wp:term":[{"taxonomy":"product_brand","embeddable":true,"href":"https:\/\/www.printings-n.com\/it\/wp-json\/wp\/v2\/product_brand?post=4987"},{"taxonomy":"product_cat","embeddable":true,"href":"https:\/\/www.printings-n.com\/it\/wp-json\/wp\/v2\/product_cat?post=4987"},{"taxonomy":"product_tag","embeddable":true,"href":"https:\/\/www.printings-n.com\/it\/wp-json\/wp\/v2\/product_tag?post=4987"}],"curies":[{"name":"wp","href":"https:\/\/api.w.org\/{rel}","templated":true}]}}