{"id":4926,"date":"2024-12-01T17:12:17","date_gmt":"2024-12-01T17:12:17","guid":{"rendered":"https:\/\/www.printings-n.com\/produit\/etiquettes-en-pvc-blanc-labelsonrollpvcwhite\/"},"modified":"2024-12-01T17:12:18","modified_gmt":"2024-12-01T17:12:18","slug":"etichette-in-pvc-biancoonrollpvcbianco","status":"publish","type":"product","link":"https:\/\/www.printings-n.com\/it\/prodotto\/etichette-in-pvc-biancoonrollpvcbianco\/","title":{"rendered":"Etichette in PVC bianco"},"content":{"rendered":"<p>Les \u00e9tiquettes en rouleau de [site_name] sont imprim\u00e9es sur du PVC blanc 90 g\/m\u00b2 avec une finition brillante. Elles sont parfaites pour un usage int\u00e9rieur et ext\u00e9rieur et sont \u00e9galement r\u00e9sistantes \u00e0 l&#039;eau. Elles sont \u00e9galement fournies avec un distributeur de carton pratique, permettant un d\u00e9collage et un collage rapides et faciles. Ajoutez votre touche personnelle \u00e0 n&#039;importe quelle surface avec nos \u00e9tiquettes imprim\u00e9es personnalis\u00e9es !<\/p>\n","protected":false},"excerpt":{"rendered":"<p>Les \u00e9tiquettes en rouleau de [site_name] sont imprim\u00e9es sur du PVC blanc 90 g\/m\u00b2 avec une finition brillante. Elles sont parfaites pour un usage int\u00e9rieur et ext\u00e9rieur et sont \u00e9galement r\u00e9sistantes \u00e0 l&#039;eau. Elles sont \u00e9galement fournies avec un distributeur de carton pratique, permettant un d\u00e9collage et un collage rapides et faciles. Ajoutez votre touche [&hellip;]<\/p>\n","protected":false},"featured_media":4927,"comment_status":"open","ping_status":"closed","template":"","meta":[],"product_brand":[],"product_cat":[116],"product_tag":[],"class_list":{"0":"post-4926","1":"product","2":"type-product","3":"status-publish","4":"has-post-thumbnail","6":"product_cat-etiquettes-en-rouleau","8":"first","9":"instock","10":"taxable","11":"shipping-taxable","12":"product-type-simple"},"_links":{"self":[{"href":"https:\/\/www.printings-n.com\/it\/wp-json\/wp\/v2\/product\/4926","targetHints":{"allow":["GET"]}}],"collection":[{"href":"https:\/\/www.printings-n.com\/it\/wp-json\/wp\/v2\/product"}],"about":[{"href":"https:\/\/www.printings-n.com\/it\/wp-json\/wp\/v2\/types\/product"}],"replies":[{"embeddable":true,"href":"https:\/\/www.printings-n.com\/it\/wp-json\/wp\/v2\/comments?post=4926"}],"wp:featuredmedia":[{"embeddable":true,"href":"https:\/\/www.printings-n.com\/it\/wp-json\/wp\/v2\/media\/4927"}],"wp:attachment":[{"href":"https:\/\/www.printings-n.com\/it\/wp-json\/wp\/v2\/media?parent=4926"}],"wp:term":[{"taxonomy":"product_brand","embeddable":true,"href":"https:\/\/www.printings-n.com\/it\/wp-json\/wp\/v2\/product_brand?post=4926"},{"taxonomy":"product_cat","embeddable":true,"href":"https:\/\/www.printings-n.com\/it\/wp-json\/wp\/v2\/product_cat?post=4926"},{"taxonomy":"product_tag","embeddable":true,"href":"https:\/\/www.printings-n.com\/it\/wp-json\/wp\/v2\/product_tag?post=4926"}],"curies":[{"name":"wp","href":"https:\/\/api.w.org\/{rel}","templated":true}]}}