{"id":4924,"date":"2024-12-01T17:12:15","date_gmt":"2024-12-01T17:12:15","guid":{"rendered":"https:\/\/www.printings-n.com\/produit\/etiquettes-transparentes-labelsonrollpvctransparant\/"},"modified":"2024-12-01T17:12:16","modified_gmt":"2024-12-01T17:12:16","slug":"etiquettes-transparentes-labelsonrollpvctransparant","status":"publish","type":"product","link":"https:\/\/www.printings-n.com\/it\/prodotto\/etiquettes-transparentes-labelsonrollpvctransparant\/","title":{"rendered":"Etichette trasparenti"},"content":{"rendered":"<p>Les \u00e9tiquettes en rouleau transparentes de [site_name] sont imprim\u00e9es sur un mat\u00e9riau transparent qui donne aux \u00e9tiquettes un aspect subtil et professionnel. Les \u00e9tiquettes en film PVC conviennent \u00e0 un usage int\u00e9rieur ou ext\u00e9rieur et sont r\u00e9sistantes \u00e0 l&#039;eau. Les \u00e9tiquettes et l&#039;impression sur les \u00e9tiquettes sont transparentes. Parfaites pour \u00eatre plac\u00e9es sur un fond clair. Nous proposons \u00e9galement un mat\u00e9riau enti\u00e8rement biod\u00e9gradable, con\u00e7u pour respecter l&#039;environnement et parfait pour un large \u00e9ventail d&#039;utilisations en int\u00e9rieur ! Les \u00e9tiquettes transparentes en rouleau sont livr\u00e9es avec une bo\u00eete distributrice en carton gratuite qui prot\u00e8ge le produit.<\/p>\n","protected":false},"excerpt":{"rendered":"<p>Les \u00e9tiquettes en rouleau transparentes de [site_name] sont imprim\u00e9es sur un mat\u00e9riau transparent qui donne aux \u00e9tiquettes un aspect subtil et professionnel. Les \u00e9tiquettes en film PVC conviennent \u00e0 un usage int\u00e9rieur ou ext\u00e9rieur et sont r\u00e9sistantes \u00e0 l&#039;eau. Les \u00e9tiquettes et l&#039;impression sur les \u00e9tiquettes sont transparentes. Parfaites pour \u00eatre plac\u00e9es sur un fond [&hellip;]<\/p>\n","protected":false},"featured_media":4925,"comment_status":"open","ping_status":"closed","template":"","meta":[],"product_brand":[],"product_cat":[116],"product_tag":[],"class_list":{"0":"post-4924","1":"product","2":"type-product","3":"status-publish","4":"has-post-thumbnail","6":"product_cat-etiquettes-en-rouleau","8":"first","9":"instock","10":"taxable","11":"shipping-taxable","12":"product-type-simple"},"_links":{"self":[{"href":"https:\/\/www.printings-n.com\/it\/wp-json\/wp\/v2\/product\/4924","targetHints":{"allow":["GET"]}}],"collection":[{"href":"https:\/\/www.printings-n.com\/it\/wp-json\/wp\/v2\/product"}],"about":[{"href":"https:\/\/www.printings-n.com\/it\/wp-json\/wp\/v2\/types\/product"}],"replies":[{"embeddable":true,"href":"https:\/\/www.printings-n.com\/it\/wp-json\/wp\/v2\/comments?post=4924"}],"wp:featuredmedia":[{"embeddable":true,"href":"https:\/\/www.printings-n.com\/it\/wp-json\/wp\/v2\/media\/4925"}],"wp:attachment":[{"href":"https:\/\/www.printings-n.com\/it\/wp-json\/wp\/v2\/media?parent=4924"}],"wp:term":[{"taxonomy":"product_brand","embeddable":true,"href":"https:\/\/www.printings-n.com\/it\/wp-json\/wp\/v2\/product_brand?post=4924"},{"taxonomy":"product_cat","embeddable":true,"href":"https:\/\/www.printings-n.com\/it\/wp-json\/wp\/v2\/product_cat?post=4924"},{"taxonomy":"product_tag","embeddable":true,"href":"https:\/\/www.printings-n.com\/it\/wp-json\/wp\/v2\/product_tag?post=4924"}],"curies":[{"name":"wp","href":"https:\/\/api.w.org\/{rel}","templated":true}]}}