{"id":4920,"date":"2024-12-01T17:12:00","date_gmt":"2024-12-01T17:12:00","guid":{"rendered":"https:\/\/www.printings-n.com\/produit\/etiquettes-avec-finitions-exclusives-labelsonrollfoil\/"},"modified":"2024-12-01T17:12:01","modified_gmt":"2024-12-01T17:12:01","slug":"etichette-con-finiture-esclusive-labelsonrollfoil","status":"publish","type":"product","link":"https:\/\/www.printings-n.com\/it\/prodotto\/etichette-con-finiture-esclusive-labelsonrollfoil\/","title":{"rendered":"Etichette con finiture esclusive"},"content":{"rendered":"<p>Donnez \u00e0 vos produits un aspect unique avec \u00c9tiquettes avec finitions exclusives de [site_name]. Ces \u00e9tiquettes sont parfaites pour \u00eatre appos\u00e9es sur vos produits pour la livraison ou pour des cadeaux publicitaires ! La couche protectrice luxueuse est disponible en argent, vert, or et cuivre. De plus, les \u00e9tiquettes sont disponibles en format rectangle, ovale et rond !&lt;br&gt;&lt;br&gt;<\/p>\n<p>Note : Ce produit n&#039;inclut pas de distributeur.<\/p>\n","protected":false},"excerpt":{"rendered":"<p>Donnez \u00e0 vos produits un aspect unique avec \u00c9tiquettes avec finitions exclusives de [site_name]. Ces \u00e9tiquettes sont parfaites pour \u00eatre appos\u00e9es sur vos produits pour la livraison ou pour des cadeaux publicitaires ! La couche protectrice luxueuse est disponible en argent, vert, or et cuivre. De plus, les \u00e9tiquettes sont disponibles en format rectangle, ovale [&hellip;]<\/p>\n","protected":false},"featured_media":4921,"comment_status":"open","ping_status":"closed","template":"","meta":[],"product_brand":[],"product_cat":[116],"product_tag":[],"class_list":{"0":"post-4920","1":"product","2":"type-product","3":"status-publish","4":"has-post-thumbnail","6":"product_cat-etiquettes-en-rouleau","8":"first","9":"instock","10":"taxable","11":"shipping-taxable","12":"product-type-simple"},"_links":{"self":[{"href":"https:\/\/www.printings-n.com\/it\/wp-json\/wp\/v2\/product\/4920","targetHints":{"allow":["GET"]}}],"collection":[{"href":"https:\/\/www.printings-n.com\/it\/wp-json\/wp\/v2\/product"}],"about":[{"href":"https:\/\/www.printings-n.com\/it\/wp-json\/wp\/v2\/types\/product"}],"replies":[{"embeddable":true,"href":"https:\/\/www.printings-n.com\/it\/wp-json\/wp\/v2\/comments?post=4920"}],"wp:featuredmedia":[{"embeddable":true,"href":"https:\/\/www.printings-n.com\/it\/wp-json\/wp\/v2\/media\/4921"}],"wp:attachment":[{"href":"https:\/\/www.printings-n.com\/it\/wp-json\/wp\/v2\/media?parent=4920"}],"wp:term":[{"taxonomy":"product_brand","embeddable":true,"href":"https:\/\/www.printings-n.com\/it\/wp-json\/wp\/v2\/product_brand?post=4920"},{"taxonomy":"product_cat","embeddable":true,"href":"https:\/\/www.printings-n.com\/it\/wp-json\/wp\/v2\/product_cat?post=4920"},{"taxonomy":"product_tag","embeddable":true,"href":"https:\/\/www.printings-n.com\/it\/wp-json\/wp\/v2\/product_tag?post=4920"}],"curies":[{"name":"wp","href":"https:\/\/api.w.org\/{rel}","templated":true}]}}