{"id":4910,"date":"2024-12-01T10:50:22","date_gmt":"2024-12-01T10:50:22","guid":{"rendered":"https:\/\/www.printings-n.com\/produit\/sticker-reflechissant-reflectingstickers\/"},"modified":"2024-12-01T10:50:23","modified_gmt":"2024-12-01T10:50:23","slug":"adesivo-reflechissant-reflectingstickers","status":"publish","type":"product","link":"https:\/\/www.printings-n.com\/it\/prodotto\/adesivo-reflechissant-reflectingstickers\/","title":{"rendered":"Adesivi riflettenti"},"content":{"rendered":"<p>D\u00e9marquez-vous dans n&#039;importe quelle lumi\u00e8re avec les stickers r\u00e9fl\u00e9chissants. Ces stickers sont un excellent moyen d&#039;avertir ou de guider les clients tout au long de la journ\u00e9e. Ce mat\u00e9riau de haute qualit\u00e9 a \u00e9t\u00e9 con\u00e7u pour les v\u00e9hicules commerciaux et les flottes, il est durable et extra collant ! Disponible en deux couleurs diff\u00e9rentes, votre message n&#039;a pas besoin de se coucher avec le soleil ! Commandez d\u00e8s aujourd&#039;hui sur [site_name] !<br \/>\n&lt;br&gt;&lt;br&gt;<br \/>\nLes stickers doivent \u00eatre appliqu\u00e9s sur une surface propre et intacte. \u00c9vitez de les appliquer sur une peinture endommag\u00e9e ou ray\u00e9e, ou sur du verre ou du plastique.<\/p>\n","protected":false},"excerpt":{"rendered":"<p>D\u00e9marquez-vous dans n&#039;importe quelle lumi\u00e8re avec les stickers r\u00e9fl\u00e9chissants. Ces stickers sont un excellent moyen d&#039;avertir ou de guider les clients tout au long de la journ\u00e9e. Ce mat\u00e9riau de haute qualit\u00e9 a \u00e9t\u00e9 con\u00e7u pour les v\u00e9hicules commerciaux et les flottes, il est durable et extra collant ! Disponible en deux couleurs diff\u00e9rentes, votre [&hellip;]<\/p>\n","protected":false},"featured_media":4911,"comment_status":"open","ping_status":"closed","template":"","meta":[],"product_brand":[],"product_cat":[115],"product_tag":[],"class_list":{"0":"post-4910","1":"product","2":"type-product","3":"status-publish","4":"has-post-thumbnail","6":"product_cat-etiquettes-en-feuille","8":"first","9":"instock","10":"taxable","11":"shipping-taxable","12":"product-type-simple"},"_links":{"self":[{"href":"https:\/\/www.printings-n.com\/it\/wp-json\/wp\/v2\/product\/4910","targetHints":{"allow":["GET"]}}],"collection":[{"href":"https:\/\/www.printings-n.com\/it\/wp-json\/wp\/v2\/product"}],"about":[{"href":"https:\/\/www.printings-n.com\/it\/wp-json\/wp\/v2\/types\/product"}],"replies":[{"embeddable":true,"href":"https:\/\/www.printings-n.com\/it\/wp-json\/wp\/v2\/comments?post=4910"}],"wp:featuredmedia":[{"embeddable":true,"href":"https:\/\/www.printings-n.com\/it\/wp-json\/wp\/v2\/media\/4911"}],"wp:attachment":[{"href":"https:\/\/www.printings-n.com\/it\/wp-json\/wp\/v2\/media?parent=4910"}],"wp:term":[{"taxonomy":"product_brand","embeddable":true,"href":"https:\/\/www.printings-n.com\/it\/wp-json\/wp\/v2\/product_brand?post=4910"},{"taxonomy":"product_cat","embeddable":true,"href":"https:\/\/www.printings-n.com\/it\/wp-json\/wp\/v2\/product_cat?post=4910"},{"taxonomy":"product_tag","embeddable":true,"href":"https:\/\/www.printings-n.com\/it\/wp-json\/wp\/v2\/product_tag?post=4910"}],"curies":[{"name":"wp","href":"https:\/\/api.w.org\/{rel}","templated":true}]}}