{"id":4908,"date":"2024-12-01T10:50:16","date_gmt":"2024-12-01T10:50:16","guid":{"rendered":"https:\/\/www.printings-n.com\/produit\/stickers-valise-suitcasestickers\/"},"modified":"2024-12-01T10:50:17","modified_gmt":"2024-12-01T10:50:17","slug":"adesivi-per-valigie-adesivi-per-valigie","status":"publish","type":"product","link":"https:\/\/www.printings-n.com\/it\/prodotto\/adesivi-per-valigie-adesivi-per-valigie\/","title":{"rendered":"Adesivi per valigie"},"content":{"rendered":"<p>Personnalisez votre valise avec les stickers pour valises maintenant disponible sur [site_name] ! Gr\u00e2ce \u00e0 ces stickers en vinyle personnalis\u00e9s, vous pourrez reconna\u00eetre votre valise imm\u00e9diatement. Imprim\u00e9s sur du vinyle polym\u00e8re de haute qualit\u00e9 et recouverts d&#039;une finition mate ou brillante, ces stickers sont \u00e0 la fois uniques et durables. Disponibles aux dimensions de votre choix, commandez les v\u00f4tres et ne perdez plus jamais votre valise !<br \/>\n&lt;br&gt;&lt;br&gt;<br \/>\nNote: Ces stickers ne conviennent qu&#039;aux valises \u00e0 surface plane et lisse.<\/p>\n","protected":false},"excerpt":{"rendered":"<p>Personnalisez votre valise avec les stickers pour valises maintenant disponible sur [site_name] ! Gr\u00e2ce \u00e0 ces stickers en vinyle personnalis\u00e9s, vous pourrez reconna\u00eetre votre valise imm\u00e9diatement. Imprim\u00e9s sur du vinyle polym\u00e8re de haute qualit\u00e9 et recouverts d&#039;une finition mate ou brillante, ces stickers sont \u00e0 la fois uniques et durables. Disponibles aux dimensions de votre [&hellip;]<\/p>\n","protected":false},"featured_media":4909,"comment_status":"open","ping_status":"closed","template":"","meta":[],"product_brand":[],"product_cat":[115],"product_tag":[],"class_list":{"0":"post-4908","1":"product","2":"type-product","3":"status-publish","4":"has-post-thumbnail","6":"product_cat-etiquettes-en-feuille","8":"first","9":"instock","10":"taxable","11":"shipping-taxable","12":"product-type-simple"},"_links":{"self":[{"href":"https:\/\/www.printings-n.com\/it\/wp-json\/wp\/v2\/product\/4908","targetHints":{"allow":["GET"]}}],"collection":[{"href":"https:\/\/www.printings-n.com\/it\/wp-json\/wp\/v2\/product"}],"about":[{"href":"https:\/\/www.printings-n.com\/it\/wp-json\/wp\/v2\/types\/product"}],"replies":[{"embeddable":true,"href":"https:\/\/www.printings-n.com\/it\/wp-json\/wp\/v2\/comments?post=4908"}],"wp:featuredmedia":[{"embeddable":true,"href":"https:\/\/www.printings-n.com\/it\/wp-json\/wp\/v2\/media\/4909"}],"wp:attachment":[{"href":"https:\/\/www.printings-n.com\/it\/wp-json\/wp\/v2\/media?parent=4908"}],"wp:term":[{"taxonomy":"product_brand","embeddable":true,"href":"https:\/\/www.printings-n.com\/it\/wp-json\/wp\/v2\/product_brand?post=4908"},{"taxonomy":"product_cat","embeddable":true,"href":"https:\/\/www.printings-n.com\/it\/wp-json\/wp\/v2\/product_cat?post=4908"},{"taxonomy":"product_tag","embeddable":true,"href":"https:\/\/www.printings-n.com\/it\/wp-json\/wp\/v2\/product_tag?post=4908"}],"curies":[{"name":"wp","href":"https:\/\/api.w.org\/{rel}","templated":true}]}}