{"id":4902,"date":"2024-12-01T10:49:49","date_gmt":"2024-12-01T10:49:49","guid":{"rendered":"https:\/\/www.printings-n.com\/produit\/stickers-de-voiture-carstickers\/"},"modified":"2024-12-01T10:49:50","modified_gmt":"2024-12-01T10:49:50","slug":"adesivi-per-auto-adesivi-per-auto","status":"publish","type":"product","link":"https:\/\/www.printings-n.com\/it\/prodotto\/adesivi-per-auto-adesivi-per-auto\/","title":{"rendered":"Adesivi per auto"},"content":{"rendered":"<p>Ne permettez pas \u00e0 votre marque de dispara\u00eetre \u00e0 des kilom\u00e8tres de l&#039;horizon, emportez-la avec vous ! Avec Stickers de voiture de [site_name], nous avons la gamme parfaite d&#039;autocollants publicitaires pour votre voiture ou votre van ! Ces autocollants sont fabriqu\u00e9s \u00e0 partir d&#039;un mat\u00e9riau polym\u00e8re r\u00e9sistant et durable et peuvent \u00eatre appliqu\u00e9s sur des surfaces planes ou courbes. Personnalisez votre autocollant avec votre logo ou votre design unique, choisissez le pelliculage mat ou brillant pour la meilleure finition, commandez le v\u00f4tre d\u00e8s aujourd&#039;hui !<br \/>\n&lt;br&gt;&lt;br&gt;<br \/>\nNote: Au moment de coller le sticker, veillez \u00e0 ce que la temp\u00e9rature ambiante soit comprise entre 10 et 32 \u00b0C. Si la temp\u00e9rature est trop \u00e9lev\u00e9e, une couche adh\u00e9sive gommeuse se formera et si elle est trop basse, la couche adh\u00e9sive deviendra friable. Collez toujours les films sur une surface propre et sans graisse.<\/p>\n","protected":false},"excerpt":{"rendered":"<p>Ne permettez pas \u00e0 votre marque de dispara\u00eetre \u00e0 des kilom\u00e8tres de l&#039;horizon, emportez-la avec vous ! Avec Stickers de voiture de [site_name], nous avons la gamme parfaite d&#039;autocollants publicitaires pour votre voiture ou votre van ! Ces autocollants sont fabriqu\u00e9s \u00e0 partir d&#039;un mat\u00e9riau polym\u00e8re r\u00e9sistant et durable et peuvent \u00eatre appliqu\u00e9s sur des [&hellip;]<\/p>\n","protected":false},"featured_media":4903,"comment_status":"open","ping_status":"closed","template":"","meta":[],"product_brand":[],"product_cat":[115],"product_tag":[],"class_list":{"0":"post-4902","1":"product","2":"type-product","3":"status-publish","4":"has-post-thumbnail","6":"product_cat-etiquettes-en-feuille","8":"first","9":"instock","10":"taxable","11":"shipping-taxable","12":"product-type-simple"},"_links":{"self":[{"href":"https:\/\/www.printings-n.com\/it\/wp-json\/wp\/v2\/product\/4902","targetHints":{"allow":["GET"]}}],"collection":[{"href":"https:\/\/www.printings-n.com\/it\/wp-json\/wp\/v2\/product"}],"about":[{"href":"https:\/\/www.printings-n.com\/it\/wp-json\/wp\/v2\/types\/product"}],"replies":[{"embeddable":true,"href":"https:\/\/www.printings-n.com\/it\/wp-json\/wp\/v2\/comments?post=4902"}],"wp:featuredmedia":[{"embeddable":true,"href":"https:\/\/www.printings-n.com\/it\/wp-json\/wp\/v2\/media\/4903"}],"wp:attachment":[{"href":"https:\/\/www.printings-n.com\/it\/wp-json\/wp\/v2\/media?parent=4902"}],"wp:term":[{"taxonomy":"product_brand","embeddable":true,"href":"https:\/\/www.printings-n.com\/it\/wp-json\/wp\/v2\/product_brand?post=4902"},{"taxonomy":"product_cat","embeddable":true,"href":"https:\/\/www.printings-n.com\/it\/wp-json\/wp\/v2\/product_cat?post=4902"},{"taxonomy":"product_tag","embeddable":true,"href":"https:\/\/www.printings-n.com\/it\/wp-json\/wp\/v2\/product_tag?post=4902"}],"curies":[{"name":"wp","href":"https:\/\/api.w.org\/{rel}","templated":true}]}}