{"id":4868,"date":"2024-12-01T09:51:21","date_gmt":"2024-12-01T09:51:21","guid":{"rendered":"https:\/\/www.printings-n.com\/produit\/parapluie-leger-pliable-oho-oho-2\/"},"modified":"2024-12-01T09:51:21","modified_gmt":"2024-12-01T09:51:21","slug":"ombrello-pieghevole-leggero-oho-oho-2","status":"publish","type":"product","link":"https:\/\/www.printings-n.com\/it\/prodotto\/ombrello-pieghevole-leggero-oho-oho-2\/","title":{"rendered":"Ombrello pieghevole leggero Oho"},"content":{"rendered":"<p>L'ombrello pieghevole leggero Oho \u00e8 molto facile da riporre. L'ombrello \u00e8 pieghevole e viene fornito con una custodia che protegge l'articolo quando viene riposto. Questo ombrello economico ha una struttura in metallo e un manico piccolo e leggero che si adatta comodamente alla mano. Grazie alle sue dimensioni, quando \u00e8 piegato entra perfettamente in una borsetta. L'ombrello Oho \u00e8 realizzato in poliestere resistente ed \u00e8 disponibile in diversi colori.<\/p>","protected":false},"excerpt":{"rendered":"<p>Le site Parapluie l\u00e9ger pliable Oho est tr\u00e8s facile \u00e0 ranger. Le parapluie est pliable et livr\u00e9 avec une pochette qui prot\u00e8ge l&#039;article lorsqu&#039;il est rang\u00e9. Ce parapluie \u00e9conomique est dot\u00e9 d&#039;une armature m\u00e9tallique et d&#039;une poign\u00e9e petite et l\u00e9g\u00e8re qui tient bien dans la main. Gr\u00e2ce \u00e0 sa taille lorsqu&#039;il est pli\u00e9, il se [&hellip;]<\/p>\n","protected":false},"featured_media":4869,"comment_status":"open","ping_status":"closed","template":"","meta":[],"product_brand":[],"product_cat":[114],"product_tag":[],"class_list":{"0":"post-4868","1":"product","2":"type-product","3":"status-publish","4":"has-post-thumbnail","6":"product_cat-loisirs-en-exterieur","8":"first","9":"instock","10":"taxable","11":"shipping-taxable","12":"product-type-simple"},"_links":{"self":[{"href":"https:\/\/www.printings-n.com\/it\/wp-json\/wp\/v2\/product\/4868","targetHints":{"allow":["GET"]}}],"collection":[{"href":"https:\/\/www.printings-n.com\/it\/wp-json\/wp\/v2\/product"}],"about":[{"href":"https:\/\/www.printings-n.com\/it\/wp-json\/wp\/v2\/types\/product"}],"replies":[{"embeddable":true,"href":"https:\/\/www.printings-n.com\/it\/wp-json\/wp\/v2\/comments?post=4868"}],"wp:featuredmedia":[{"embeddable":true,"href":"https:\/\/www.printings-n.com\/it\/wp-json\/wp\/v2\/media\/4869"}],"wp:attachment":[{"href":"https:\/\/www.printings-n.com\/it\/wp-json\/wp\/v2\/media?parent=4868"}],"wp:term":[{"taxonomy":"product_brand","embeddable":true,"href":"https:\/\/www.printings-n.com\/it\/wp-json\/wp\/v2\/product_brand?post=4868"},{"taxonomy":"product_cat","embeddable":true,"href":"https:\/\/www.printings-n.com\/it\/wp-json\/wp\/v2\/product_cat?post=4868"},{"taxonomy":"product_tag","embeddable":true,"href":"https:\/\/www.printings-n.com\/it\/wp-json\/wp\/v2\/product_tag?post=4868"}],"curies":[{"name":"wp","href":"https:\/\/api.w.org\/{rel}","templated":true}]}}