{"id":4850,"date":"2024-12-01T09:50:49","date_gmt":"2024-12-01T09:50:49","guid":{"rendered":"https:\/\/www.printings-n.com\/produit\/parapluie-pliable-colorado-mini-coloradominifoldableumbrella21inch-2\/"},"modified":"2024-12-01T09:50:49","modified_gmt":"2024-12-01T09:50:49","slug":"ombrello-pieghevole-colorado-mini-coloradominifoldableumbrella21inch-2","status":"publish","type":"product","link":"https:\/\/www.printings-n.com\/it\/prodotto\/ombrello-pieghevole-colorado-mini-coloradominifoldableumbrella21inch-2\/","title":{"rendered":"Ombrello pieghevole Colorado Mini"},"content":{"rendered":"<p>Disponibile in diversi colori, questo ombrello compatto e pieghevole &egrave; realizzato in resistente poliestere 190T. Ha una struttura in metallo, un manico in plastica con fibbia e una pratica tasca portaoggetti con chiusura in velcro. Il suo funzionamento manuale lo rende un facile compagno per le giornate di pioggia.&lt;br&gt;&lt;br&gt;<br \/>\nDesiderate stampare lo stesso disegno su pi\u00f9 parti dell'ombrello? Richiedete un preventivo.<\/p>","protected":false},"excerpt":{"rendered":"<p>Disponible dans une vari\u00e9t\u00e9 de couleurs, ce parapluie compact et pliable est fabriqu\u00e9 en polyester 190T durable. Il est dot\u00e9 d&#039;une armature en m\u00e9tal, d&#039;une poign\u00e9e en plastique avec boucle et d&#039;une pochette de rangement pratique avec fermeture velcro. Son fonctionnement manuel en fait un compagnon facile pour les jours de pluie.&lt;br&gt;&lt;br&gt; Vous souhaitez imprimer [&hellip;]<\/p>\n","protected":false},"featured_media":4851,"comment_status":"open","ping_status":"closed","template":"","meta":[],"product_brand":[],"product_cat":[114],"product_tag":[],"class_list":{"0":"post-4850","1":"product","2":"type-product","3":"status-publish","4":"has-post-thumbnail","6":"product_cat-loisirs-en-exterieur","8":"first","9":"instock","10":"taxable","11":"shipping-taxable","12":"product-type-simple"},"_links":{"self":[{"href":"https:\/\/www.printings-n.com\/it\/wp-json\/wp\/v2\/product\/4850","targetHints":{"allow":["GET"]}}],"collection":[{"href":"https:\/\/www.printings-n.com\/it\/wp-json\/wp\/v2\/product"}],"about":[{"href":"https:\/\/www.printings-n.com\/it\/wp-json\/wp\/v2\/types\/product"}],"replies":[{"embeddable":true,"href":"https:\/\/www.printings-n.com\/it\/wp-json\/wp\/v2\/comments?post=4850"}],"wp:featuredmedia":[{"embeddable":true,"href":"https:\/\/www.printings-n.com\/it\/wp-json\/wp\/v2\/media\/4851"}],"wp:attachment":[{"href":"https:\/\/www.printings-n.com\/it\/wp-json\/wp\/v2\/media?parent=4850"}],"wp:term":[{"taxonomy":"product_brand","embeddable":true,"href":"https:\/\/www.printings-n.com\/it\/wp-json\/wp\/v2\/product_brand?post=4850"},{"taxonomy":"product_cat","embeddable":true,"href":"https:\/\/www.printings-n.com\/it\/wp-json\/wp\/v2\/product_cat?post=4850"},{"taxonomy":"product_tag","embeddable":true,"href":"https:\/\/www.printings-n.com\/it\/wp-json\/wp\/v2\/product_tag?post=4850"}],"curies":[{"name":"wp","href":"https:\/\/api.w.org\/{rel}","templated":true}]}}