{"id":4782,"date":"2024-12-01T09:48:09","date_gmt":"2024-12-01T09:48:09","guid":{"rendered":"https:\/\/www.printings-n.com\/produit\/urban-vitamin-compton-rcs-10-000-mah-powerbank-urbanvitamincomptonrcs10000mahpowerbank\/"},"modified":"2024-12-01T09:48:09","modified_gmt":"2024-12-01T09:48:09","slug":"urban-vitamin-compton-rcs-10-000-mah-powerbank-urbanvitamincomptonrcs10000mahpowerbank","status":"publish","type":"product","link":"https:\/\/www.printings-n.com\/it\/prodotto\/urban-vitamin-compton-rcs-10-000-mah-powerbank-urbanvitamincomptonrcs10000mahpowerbank\/","title":{"rendered":"Batteria esterna Urban Vitamin Compton da 10.000 mah"},"content":{"rendered":"<p>La Compton Power Bank di Urban Vitamin ridefinisce la convenienza grazie alla sua tecnologia magnetica, che si aggancia perfettamente all'iPhone 12 e ai modelli pi\u00f9 recenti, nonch\u00e9 ai pi\u00f9 recenti telefoni Android. Le sue capacit\u00e0 di ricarica rapida da 15W e 20W, grazie alla porta Type-C, assicurano una rapida ricarica dei dispositivi. Con una robusta batteria al cobalto da 10.000 mAh, offre un'alimentazione di lunga durata. Realizzato in alluminio riciclato e ABS certificato RCS, Compton unisce un design ecologico a prestazioni di alto livello.<\/p>","protected":false},"excerpt":{"rendered":"<p>La banque d&#039;alimentation Compton d&#039;Urban Vitamin red\u00e9finit la commodit\u00e9 gr\u00e2ce \u00e0 sa technologie magn\u00e9tique, qui se fixe en toute transparence \u00e0 l&#039;iPhone 12 et aux mod\u00e8les plus r\u00e9cents, ainsi qu&#039;aux t\u00e9l\u00e9phones Android les plus r\u00e9cents. Ses capacit\u00e9s de charge rapide de 15 W et 20 W, gr\u00e2ce \u00e0 un port Type-C, garantissent une charge rapide [&hellip;]<\/p>\n","protected":false},"featured_media":4783,"comment_status":"open","ping_status":"closed","template":"","meta":[],"product_brand":[],"product_cat":[113],"product_tag":[],"class_list":{"0":"post-4782","1":"product","2":"type-product","3":"status-publish","4":"has-post-thumbnail","6":"product_cat-gadgets-technologie","8":"first","9":"instock","10":"taxable","11":"shipping-taxable","12":"product-type-simple"},"_links":{"self":[{"href":"https:\/\/www.printings-n.com\/it\/wp-json\/wp\/v2\/product\/4782","targetHints":{"allow":["GET"]}}],"collection":[{"href":"https:\/\/www.printings-n.com\/it\/wp-json\/wp\/v2\/product"}],"about":[{"href":"https:\/\/www.printings-n.com\/it\/wp-json\/wp\/v2\/types\/product"}],"replies":[{"embeddable":true,"href":"https:\/\/www.printings-n.com\/it\/wp-json\/wp\/v2\/comments?post=4782"}],"wp:featuredmedia":[{"embeddable":true,"href":"https:\/\/www.printings-n.com\/it\/wp-json\/wp\/v2\/media\/4783"}],"wp:attachment":[{"href":"https:\/\/www.printings-n.com\/it\/wp-json\/wp\/v2\/media?parent=4782"}],"wp:term":[{"taxonomy":"product_brand","embeddable":true,"href":"https:\/\/www.printings-n.com\/it\/wp-json\/wp\/v2\/product_brand?post=4782"},{"taxonomy":"product_cat","embeddable":true,"href":"https:\/\/www.printings-n.com\/it\/wp-json\/wp\/v2\/product_cat?post=4782"},{"taxonomy":"product_tag","embeddable":true,"href":"https:\/\/www.printings-n.com\/it\/wp-json\/wp\/v2\/product_tag?post=4782"}],"curies":[{"name":"wp","href":"https:\/\/api.w.org\/{rel}","templated":true}]}}