{"id":4780,"date":"2024-12-01T09:48:04","date_gmt":"2024-12-01T09:48:04","guid":{"rendered":"https:\/\/www.printings-n.com\/produit\/rcs-solar-powerbank-avec-10w-sans-fil-rcssolarpowerbankwith10wwireless\/"},"modified":"2024-12-01T09:48:04","modified_gmt":"2024-12-01T09:48:04","slug":"rcs-solar-powerbank-con-10w-wireless-rcssolarpowerbankwith10wwireless","status":"publish","type":"product","link":"https:\/\/www.printings-n.com\/it\/prodotto\/rcs-solar-powerbank-con-10w-wireless-rcssolarpowerbankwith10wwireless\/","title":{"rendered":"Batteria solare esterna bluetooth da 10W"},"content":{"rendered":"<p>Rimanete alimentati in modo sostenibile con questo power bank solare certificato RCS. Con una capacit&agrave; di 10.000 mAh, offre una ricarica wireless e via cavo di 10 W. Questo caricabatterie ecologico &egrave; realizzato in ABS e TPE riciclati, a dimostrazione del vostro impegno per l&#039;ambiente. &Egrave; dotato di un pannello solare, di una torcia e di una pratica clip a moschettone. Inoltre, &egrave; impermeabile secondo lo standard IPX5 e visualizza il livello residuo della batteria.&lt;br&gt;Viene fornito con un cavo di ricarica di tipo C certificato GRS e privo di PVC 100 %.<\/p>","protected":false},"excerpt":{"rendered":"<p>Restez aliment\u00e9 de mani\u00e8re durable gr\u00e2ce \u00e0 cette banque d&#039;\u00e9nergie solaire certifi\u00e9e RCS. D&#039;une capacit\u00e9 de 10 000 mAh, il offre une recharge sans fil et par c\u00e2ble de 10 W . Ce chargeur \u00e9cologique est fabriqu\u00e9 \u00e0 partir d&#039;ABS et de TPE recycl\u00e9s, ce qui t\u00e9moigne de votre engagement en faveur de l&#039;environnement. Il [&hellip;]<\/p>\n","protected":false},"featured_media":4781,"comment_status":"open","ping_status":"closed","template":"","meta":[],"product_brand":[],"product_cat":[113],"product_tag":[],"class_list":{"0":"post-4780","1":"product","2":"type-product","3":"status-publish","4":"has-post-thumbnail","6":"product_cat-gadgets-technologie","8":"first","9":"instock","10":"taxable","11":"shipping-taxable","12":"product-type-simple"},"_links":{"self":[{"href":"https:\/\/www.printings-n.com\/it\/wp-json\/wp\/v2\/product\/4780","targetHints":{"allow":["GET"]}}],"collection":[{"href":"https:\/\/www.printings-n.com\/it\/wp-json\/wp\/v2\/product"}],"about":[{"href":"https:\/\/www.printings-n.com\/it\/wp-json\/wp\/v2\/types\/product"}],"replies":[{"embeddable":true,"href":"https:\/\/www.printings-n.com\/it\/wp-json\/wp\/v2\/comments?post=4780"}],"wp:featuredmedia":[{"embeddable":true,"href":"https:\/\/www.printings-n.com\/it\/wp-json\/wp\/v2\/media\/4781"}],"wp:attachment":[{"href":"https:\/\/www.printings-n.com\/it\/wp-json\/wp\/v2\/media?parent=4780"}],"wp:term":[{"taxonomy":"product_brand","embeddable":true,"href":"https:\/\/www.printings-n.com\/it\/wp-json\/wp\/v2\/product_brand?post=4780"},{"taxonomy":"product_cat","embeddable":true,"href":"https:\/\/www.printings-n.com\/it\/wp-json\/wp\/v2\/product_cat?post=4780"},{"taxonomy":"product_tag","embeddable":true,"href":"https:\/\/www.printings-n.com\/it\/wp-json\/wp\/v2\/product_tag?post=4780"}],"curies":[{"name":"wp","href":"https:\/\/api.w.org\/{rel}","templated":true}]}}