{"id":4762,"date":"2024-12-01T09:47:33","date_gmt":"2024-12-01T09:47:33","guid":{"rendered":"https:\/\/www.printings-n.com\/produit\/casques-urban-vitamin-recycles-urbanvitaminglendale\/"},"modified":"2024-12-01T09:47:33","modified_gmt":"2024-12-01T09:47:33","slug":"casques-urban-vitamin-recycles-urbanvitaminglendale","status":"publish","type":"product","link":"https:\/\/www.printings-n.com\/it\/prodotto\/casques-urban-vitamin-recycles-urbanvitaminglendale\/","title":{"rendered":"Caschi riciclati Urban Vitamin"},"content":{"rendered":"<p>Voici Glendale, le casque le plus haut de gamme et le plus avanc\u00e9 sur le plan technologique. Le design unique ne place pas les \u00e9couteurs dans vos oreilles mais \u00e0 c\u00f4t\u00e9, ce qui vous permet d&#039;\u00eatre toujours au courant de la situation lorsque vous \u00eates \u00e0 l&#039;ext\u00e9rieur. Les \u00e9couteurs sont \u00e9tanches IPX4, conviennent donc \u00e0 toutes les s\u00e9ances d&#039;entra\u00eenement. La batterie vous permet de tenir jusqu&#039;\u00e0 10 heures avec une seule charge. Si vous recevez un appel, r\u00e9pondez simplement \u00e0 l&#039;aide du microphone int\u00e9gr\u00e9. Les \u00e9couteurs Glendale sont fabriqu\u00e9s en ABS recycl\u00e9 certifi\u00e9 RCS . Contenu recycl\u00e9 total : 17 % sur la base du poids total de l&#039;article. La certification RCS garantit une cha\u00eene d&#039;approvisionnement enti\u00e8rement certifi\u00e9e pour les mat\u00e9riaux recycl\u00e9s. Les articles Urban Vitamin sont fabriqu\u00e9s sans PVC et emball\u00e9s dans des emballages \u00e0 teneur r\u00e9duite en plastique.<\/p>","protected":false},"excerpt":{"rendered":"<p>Voici Glendale, le casque le plus haut de gamme et le plus avanc\u00e9 sur le plan technologique. Le design unique ne place pas les \u00e9couteurs dans vos oreilles mais \u00e0 c\u00f4t\u00e9, ce qui vous permet d&#039;\u00eatre toujours au courant de la situation lorsque vous \u00eates \u00e0 l&#039;ext\u00e9rieur. Les \u00e9couteurs sont \u00e9tanches IPX4, conviennent donc \u00e0 [&hellip;]<\/p>\n","protected":false},"featured_media":4763,"comment_status":"open","ping_status":"closed","template":"","meta":[],"product_brand":[],"product_cat":[113],"product_tag":[],"class_list":{"0":"post-4762","1":"product","2":"type-product","3":"status-publish","4":"has-post-thumbnail","6":"product_cat-gadgets-technologie","8":"first","9":"instock","10":"taxable","11":"shipping-taxable","12":"product-type-simple"},"_links":{"self":[{"href":"https:\/\/www.printings-n.com\/it\/wp-json\/wp\/v2\/product\/4762","targetHints":{"allow":["GET"]}}],"collection":[{"href":"https:\/\/www.printings-n.com\/it\/wp-json\/wp\/v2\/product"}],"about":[{"href":"https:\/\/www.printings-n.com\/it\/wp-json\/wp\/v2\/types\/product"}],"replies":[{"embeddable":true,"href":"https:\/\/www.printings-n.com\/it\/wp-json\/wp\/v2\/comments?post=4762"}],"wp:featuredmedia":[{"embeddable":true,"href":"https:\/\/www.printings-n.com\/it\/wp-json\/wp\/v2\/media\/4763"}],"wp:attachment":[{"href":"https:\/\/www.printings-n.com\/it\/wp-json\/wp\/v2\/media?parent=4762"}],"wp:term":[{"taxonomy":"product_brand","embeddable":true,"href":"https:\/\/www.printings-n.com\/it\/wp-json\/wp\/v2\/product_brand?post=4762"},{"taxonomy":"product_cat","embeddable":true,"href":"https:\/\/www.printings-n.com\/it\/wp-json\/wp\/v2\/product_cat?post=4762"},{"taxonomy":"product_tag","embeddable":true,"href":"https:\/\/www.printings-n.com\/it\/wp-json\/wp\/v2\/product_tag?post=4762"}],"curies":[{"name":"wp","href":"https:\/\/api.w.org\/{rel}","templated":true}]}}