{"id":4758,"date":"2024-12-01T09:47:25","date_gmt":"2024-12-01T09:47:25","guid":{"rendered":"https:\/\/www.printings-n.com\/produit\/casque-sans-fil-swiss-peak-pro-swisspeakprowirelessheadphone\/"},"modified":"2024-12-01T09:47:26","modified_gmt":"2024-12-01T09:47:26","slug":"swiss-peak-pro-swisspeakprocuffie-wireless","status":"publish","type":"product","link":"https:\/\/www.printings-n.com\/it\/prodotto\/swiss-peak-pro-swisspeakprocuffie-wireless\/","title":{"rendered":"Cuffie wireless Swiss Peak Pro"},"content":{"rendered":"<p>Le cuffie wireless Swiss Peak Pro sono di alta qualit\u00e0, con un suono profondo e cuscinetti confortevoli. Le cuffie sono dotate di un modulo BT 5.3 ad alta efficienza energetica che offre fino a 70 ore di autonomia con una singola carica. Dispongono di una batteria da 500 mAh che pu\u00f2 essere ricaricata completamente in meno di 3 ore tramite USB-C. Viene fornita con una custodia con coulisse Swiss Peak per portare le cuffie con s\u00e9 ovunque. Include un cavo AUX in PVC senza plastica da 120 cm. Con microfono e funzione pick-up per rispondere alle chiamate. Archetto in PU e conchiglie in ABS. Confezionate in un imballaggio privo di plastica.<\/p>","protected":false},"excerpt":{"rendered":"<p>Les \u00e9couteurs Casque sans fil Swiss Peak Pro sont de haute qualit\u00e9, avec un son profond et des coussinets d&#039;oreille confortables. Le casque est \u00e9quip\u00e9 d&#039;un module BT 5.3 \u00e9conome en \u00e9nergie offrant jusqu&#039;\u00e0 70 heures d&#039;autonomie sur une seule charge. Il int\u00e8gre une batterie de 500 mAh enti\u00e8rement recharg\u00e9e en moins de 3 heures [&hellip;]<\/p>\n","protected":false},"featured_media":4759,"comment_status":"open","ping_status":"closed","template":"","meta":[],"product_brand":[],"product_cat":[113],"product_tag":[],"class_list":{"0":"post-4758","1":"product","2":"type-product","3":"status-publish","4":"has-post-thumbnail","6":"product_cat-gadgets-technologie","8":"first","9":"instock","10":"taxable","11":"shipping-taxable","12":"product-type-simple"},"_links":{"self":[{"href":"https:\/\/www.printings-n.com\/it\/wp-json\/wp\/v2\/product\/4758","targetHints":{"allow":["GET"]}}],"collection":[{"href":"https:\/\/www.printings-n.com\/it\/wp-json\/wp\/v2\/product"}],"about":[{"href":"https:\/\/www.printings-n.com\/it\/wp-json\/wp\/v2\/types\/product"}],"replies":[{"embeddable":true,"href":"https:\/\/www.printings-n.com\/it\/wp-json\/wp\/v2\/comments?post=4758"}],"wp:featuredmedia":[{"embeddable":true,"href":"https:\/\/www.printings-n.com\/it\/wp-json\/wp\/v2\/media\/4759"}],"wp:attachment":[{"href":"https:\/\/www.printings-n.com\/it\/wp-json\/wp\/v2\/media?parent=4758"}],"wp:term":[{"taxonomy":"product_brand","embeddable":true,"href":"https:\/\/www.printings-n.com\/it\/wp-json\/wp\/v2\/product_brand?post=4758"},{"taxonomy":"product_cat","embeddable":true,"href":"https:\/\/www.printings-n.com\/it\/wp-json\/wp\/v2\/product_cat?post=4758"},{"taxonomy":"product_tag","embeddable":true,"href":"https:\/\/www.printings-n.com\/it\/wp-json\/wp\/v2\/product_tag?post=4758"}],"curies":[{"name":"wp","href":"https:\/\/api.w.org\/{rel}","templated":true}]}}