{"id":4751,"date":"2024-12-01T09:47:13","date_gmt":"2024-12-01T09:47:13","guid":{"rendered":"https:\/\/www.printings-n.com\/produit\/ecouteur-tws-en-plastique-recycle-rcs-et-liege-oregonearbuds\/"},"modified":"2024-12-01T09:47:13","modified_gmt":"2024-12-01T09:47:13","slug":"auricolari-tws-in-plastica-riciclata-rcs-et-liege-oregonearbuds","status":"publish","type":"product","link":"https:\/\/www.printings-n.com\/it\/prodotto\/auricolari-tws-in-plastica-riciclata-rcs-et-liege-oregonearbuds\/","title":{"rendered":"Auricolari in plastica riciclata e sughero RCS"},"content":{"rendered":"<p>Queste cuffie offrono una vestibilit\u00e0 perfetta e una ricarica rapida, con un tempo di ricarica di appena 1,5 ore! Abbinatele senza problemi al vostro dispositivo grazie alla funzione di accoppiamento automatico e godetevi circa 3 ore di riproduzione, potenziate dal protocollo BT 5.3 per una connessione ottimale entro un raggio di 10 metri. Dotato di microfono integrato e di una comoda funzione di presa, ogni set include un cavo di ricarica in TPE riciclato certificato RCS per una maggiore durata.<\/p>","protected":false},"excerpt":{"rendered":"<p>Ces \u00e9couteurs offrent un ajustement parfait et une recharge rapide, ne prenant que 1,5 heure pour se recharger ! Associez-les sans effort \u00e0 votre appareil gr\u00e2ce \u00e0 la fonction d&#039;auto-appariement et profitez d&#039;environ 3 heures de lecture, renforc\u00e9e par le BT 5.3 pour une connexion optimale dans une plage de 10 m\u00e8tres. Dot\u00e9s d&#039;un microphone [&hellip;]<\/p>\n","protected":false},"featured_media":4752,"comment_status":"open","ping_status":"closed","template":"","meta":[],"product_brand":[],"product_cat":[113],"product_tag":[],"class_list":{"0":"post-4751","1":"product","2":"type-product","3":"status-publish","4":"has-post-thumbnail","6":"product_cat-gadgets-technologie","8":"first","9":"instock","10":"taxable","11":"shipping-taxable","12":"product-type-simple"},"_links":{"self":[{"href":"https:\/\/www.printings-n.com\/it\/wp-json\/wp\/v2\/product\/4751","targetHints":{"allow":["GET"]}}],"collection":[{"href":"https:\/\/www.printings-n.com\/it\/wp-json\/wp\/v2\/product"}],"about":[{"href":"https:\/\/www.printings-n.com\/it\/wp-json\/wp\/v2\/types\/product"}],"replies":[{"embeddable":true,"href":"https:\/\/www.printings-n.com\/it\/wp-json\/wp\/v2\/comments?post=4751"}],"wp:featuredmedia":[{"embeddable":true,"href":"https:\/\/www.printings-n.com\/it\/wp-json\/wp\/v2\/media\/4752"}],"wp:attachment":[{"href":"https:\/\/www.printings-n.com\/it\/wp-json\/wp\/v2\/media?parent=4751"}],"wp:term":[{"taxonomy":"product_brand","embeddable":true,"href":"https:\/\/www.printings-n.com\/it\/wp-json\/wp\/v2\/product_brand?post=4751"},{"taxonomy":"product_cat","embeddable":true,"href":"https:\/\/www.printings-n.com\/it\/wp-json\/wp\/v2\/product_cat?post=4751"},{"taxonomy":"product_tag","embeddable":true,"href":"https:\/\/www.printings-n.com\/it\/wp-json\/wp\/v2\/product_tag?post=4751"}],"curies":[{"name":"wp","href":"https:\/\/api.w.org\/{rel}","templated":true}]}}