{"id":4736,"date":"2024-12-01T09:46:46","date_gmt":"2024-12-01T09:46:46","guid":{"rendered":"https:\/\/www.printings-n.com\/produit\/cable-6-en-1-retractable-en-plastique-recycle-rcs-rcsrecycledplasticontario6in1retractablecable\/"},"modified":"2024-12-01T09:46:46","modified_gmt":"2024-12-01T09:46:46","slug":"cavo-retrattile-6-in-1-in-plastica-riciclata-rcs-rcsplastica-riciclataontario6in1cavo-retrattile","status":"publish","type":"product","link":"https:\/\/www.printings-n.com\/it\/prodotto\/cavo-retrattile-6-in-1-in-plastica-riciclata-rcs-rcsplastica-riciclataontario6in1cavo-retrattile\/","title":{"rendered":"Cavo retrattile 6-in-1 in plastica riciclata RCS"},"content":{"rendered":"<p>Compatto ed ecologico, questo cavo multiretrattile \u00e8 realizzato con materiali riciclati certificati. Dispone di 5 connettori versatili: Ingresso USB-C, ingresso USB-A, uscita Type-C, uscita iOS e uscita micro USB, adatto ai dispositivi pi\u00f9 recenti con uscita Type-C. Con un'uscita di ingresso USB-A, ricarica i dispositivi da diverse fonti. I cavi sono realizzati in ABS\/TPE riciclato certificato RCS. Lunghezza massima del cavo: 100 cm. Personalizzatelo con il vostro logo per rappresentare il vostro marchio.<\/p>","protected":false},"excerpt":{"rendered":"<p>Compact et \u00e9cologique, ce c\u00e2ble multi-r\u00e9tractable est con\u00e7u \u00e0 partir de mat\u00e9riaux recycl\u00e9s certifi\u00e9s. Il dispose de 5 connecteurs polyvalents : USB-C en entr\u00e9e, USB-A en entr\u00e9e, Type-C en sortie, sortie iOS et sortie micro USB, adapt\u00e9s aux derniers appareils avec sortie Type-C. Avec une sortie d&#039;entr\u00e9e USB-A, il charge les appareils depuis diff\u00e9rentes sources. [&hellip;]<\/p>\n","protected":false},"featured_media":4737,"comment_status":"open","ping_status":"closed","template":"","meta":[],"product_brand":[],"product_cat":[113],"product_tag":[],"class_list":{"0":"post-4736","1":"product","2":"type-product","3":"status-publish","4":"has-post-thumbnail","6":"product_cat-gadgets-technologie","8":"first","9":"instock","10":"taxable","11":"shipping-taxable","12":"product-type-simple"},"_links":{"self":[{"href":"https:\/\/www.printings-n.com\/it\/wp-json\/wp\/v2\/product\/4736","targetHints":{"allow":["GET"]}}],"collection":[{"href":"https:\/\/www.printings-n.com\/it\/wp-json\/wp\/v2\/product"}],"about":[{"href":"https:\/\/www.printings-n.com\/it\/wp-json\/wp\/v2\/types\/product"}],"replies":[{"embeddable":true,"href":"https:\/\/www.printings-n.com\/it\/wp-json\/wp\/v2\/comments?post=4736"}],"wp:featuredmedia":[{"embeddable":true,"href":"https:\/\/www.printings-n.com\/it\/wp-json\/wp\/v2\/media\/4737"}],"wp:attachment":[{"href":"https:\/\/www.printings-n.com\/it\/wp-json\/wp\/v2\/media?parent=4736"}],"wp:term":[{"taxonomy":"product_brand","embeddable":true,"href":"https:\/\/www.printings-n.com\/it\/wp-json\/wp\/v2\/product_brand?post=4736"},{"taxonomy":"product_cat","embeddable":true,"href":"https:\/\/www.printings-n.com\/it\/wp-json\/wp\/v2\/product_cat?post=4736"},{"taxonomy":"product_tag","embeddable":true,"href":"https:\/\/www.printings-n.com\/it\/wp-json\/wp\/v2\/product_tag?post=4736"}],"curies":[{"name":"wp","href":"https:\/\/api.w.org\/{rel}","templated":true}]}}