{"id":4447,"date":"2024-12-01T09:26:34","date_gmt":"2024-12-01T09:26:34","guid":{"rendered":"https:\/\/www.printings-n.com\/produit\/carnets-spectrum-a5-spectruma5hardcovernotebook-2\/"},"modified":"2024-12-01T09:26:34","modified_gmt":"2024-12-01T09:26:34","slug":"carnets-spectrum-a5-spectruma5hardcovernotebook-2","status":"publish","type":"product","link":"https:\/\/www.printings-n.com\/it\/prodotto\/carnets-spectrum-a5-spectruma5hardcovernotebook-2\/","title":{"rendered":"Quaderni Spectrum A5"},"content":{"rendered":"<p>I nostri taccuini Spectrum A5 sono il compagno di scrittura perfetto, con una pratica tasca espandibile per conservare appunti o documenti extra. Presenta un design sofisticato, una chiusura elastica e 96 fogli di carta a righe. La tasca della confezione regalo, realizzata in cartone e finta pelle, lo rende un regalo facile da fare a tutti i vostri clienti e dipendenti.<\/p>","protected":false},"excerpt":{"rendered":"<p>Nos Carnets Spectrum A5 sont le compagnon d&#039;\u00e9criture id\u00e9al, avec une pochette extensible pratique pour ranger des notes ou des documents suppl\u00e9mentaires. Il est dot\u00e9 d&#039;un design sophistiqu\u00e9, d&#039;une fermeture \u00e9lastique et de 96 feuilles de papier lign\u00e9. La pochette de la bo\u00eete-cadeau, fabriqu\u00e9e en carton et en simili-cuir, en fait un cadeau facile \u00e0 [&hellip;]<\/p>\n","protected":false},"featured_media":4448,"comment_status":"open","ping_status":"closed","template":"","meta":[],"product_brand":[],"product_cat":[105],"product_tag":[],"class_list":{"0":"post-4447","1":"product","2":"type-product","3":"status-publish","4":"has-post-thumbnail","6":"product_cat-fournitures-de-bureau","8":"first","9":"instock","10":"taxable","11":"shipping-taxable","12":"product-type-simple"},"_links":{"self":[{"href":"https:\/\/www.printings-n.com\/it\/wp-json\/wp\/v2\/product\/4447","targetHints":{"allow":["GET"]}}],"collection":[{"href":"https:\/\/www.printings-n.com\/it\/wp-json\/wp\/v2\/product"}],"about":[{"href":"https:\/\/www.printings-n.com\/it\/wp-json\/wp\/v2\/types\/product"}],"replies":[{"embeddable":true,"href":"https:\/\/www.printings-n.com\/it\/wp-json\/wp\/v2\/comments?post=4447"}],"wp:featuredmedia":[{"embeddable":true,"href":"https:\/\/www.printings-n.com\/it\/wp-json\/wp\/v2\/media\/4448"}],"wp:attachment":[{"href":"https:\/\/www.printings-n.com\/it\/wp-json\/wp\/v2\/media?parent=4447"}],"wp:term":[{"taxonomy":"product_brand","embeddable":true,"href":"https:\/\/www.printings-n.com\/it\/wp-json\/wp\/v2\/product_brand?post=4447"},{"taxonomy":"product_cat","embeddable":true,"href":"https:\/\/www.printings-n.com\/it\/wp-json\/wp\/v2\/product_cat?post=4447"},{"taxonomy":"product_tag","embeddable":true,"href":"https:\/\/www.printings-n.com\/it\/wp-json\/wp\/v2\/product_tag?post=4447"}],"curies":[{"name":"wp","href":"https:\/\/api.w.org\/{rel}","templated":true}]}}