{"id":4445,"date":"2024-12-01T09:26:27","date_gmt":"2024-12-01T09:26:27","guid":{"rendered":"https:\/\/www.printings-n.com\/produit\/carnets-a5-rpet-portarpetnotebooka5-2\/"},"modified":"2024-12-01T09:26:28","modified_gmt":"2024-12-01T09:26:28","slug":"quaderni-a5-rpet-portarpetnotebooka5-2","status":"publish","type":"product","link":"https:\/\/www.printings-n.com\/it\/prodotto\/quaderni-a5-rpet-portarpetnotebooka5-2\/","title":{"rendered":"Quaderni A5 RPET"},"content":{"rendered":"<p>Fate la differenza mentre prendete appunti! I quaderni RPET A5 sono un'alternativa ecologica realizzata con bottiglie di plastica riciclate. Questo prodotto contribuisce a ridurre i rifiuti ed \u00e8 al tempo stesso il luogo perfetto per annotare i vostri pensieri o le vostre idee pi\u00f9 importanti. Il quaderno \u00e8 composto da 80 fogli realizzati interamente da fonti sostenibili. Con una pratica chiusura a elastico, un nastro per segnare le pagine e un portapenne, \u00e8 il regalo aziendale sostenibile ideale!<\/p>","protected":false},"excerpt":{"rendered":"<p>Faites la diff\u00e9rence tout en prenant des notes ! Les Carnets A5 RPET sont une alternative \u00e9cologique fabriqu\u00e9e \u00e0 partir de bouteilles en plastique recycl\u00e9es. Ce produit contribue \u00e0 r\u00e9duire les d\u00e9chets tout en \u00e9tant l&#039;endroit id\u00e9al pour noter vos pens\u00e9es ou id\u00e9es importantes. Le carnet est compos\u00e9 de 80 feuilles enti\u00e8rement fabriqu\u00e9es \u00e0 partir [&hellip;]<\/p>\n","protected":false},"featured_media":4446,"comment_status":"open","ping_status":"closed","template":"","meta":[],"product_brand":[],"product_cat":[105],"product_tag":[],"class_list":{"0":"post-4445","1":"product","2":"type-product","3":"status-publish","4":"has-post-thumbnail","6":"product_cat-fournitures-de-bureau","8":"first","9":"instock","10":"taxable","11":"shipping-taxable","12":"product-type-simple"},"_links":{"self":[{"href":"https:\/\/www.printings-n.com\/it\/wp-json\/wp\/v2\/product\/4445","targetHints":{"allow":["GET"]}}],"collection":[{"href":"https:\/\/www.printings-n.com\/it\/wp-json\/wp\/v2\/product"}],"about":[{"href":"https:\/\/www.printings-n.com\/it\/wp-json\/wp\/v2\/types\/product"}],"replies":[{"embeddable":true,"href":"https:\/\/www.printings-n.com\/it\/wp-json\/wp\/v2\/comments?post=4445"}],"wp:featuredmedia":[{"embeddable":true,"href":"https:\/\/www.printings-n.com\/it\/wp-json\/wp\/v2\/media\/4446"}],"wp:attachment":[{"href":"https:\/\/www.printings-n.com\/it\/wp-json\/wp\/v2\/media?parent=4445"}],"wp:term":[{"taxonomy":"product_brand","embeddable":true,"href":"https:\/\/www.printings-n.com\/it\/wp-json\/wp\/v2\/product_brand?post=4445"},{"taxonomy":"product_cat","embeddable":true,"href":"https:\/\/www.printings-n.com\/it\/wp-json\/wp\/v2\/product_cat?post=4445"},{"taxonomy":"product_tag","embeddable":true,"href":"https:\/\/www.printings-n.com\/it\/wp-json\/wp\/v2\/product_tag?post=4445"}],"curies":[{"name":"wp","href":"https:\/\/api.w.org\/{rel}","templated":true}]}}