{"id":4433,"date":"2024-12-01T09:25:59","date_gmt":"2024-12-01T09:25:59","guid":{"rendered":"https:\/\/www.printings-n.com\/produit\/carnet-de-notes-en-herbe-a-elephant-notebookselephantgrass-2\/"},"modified":"2024-12-01T09:25:59","modified_gmt":"2024-12-01T09:25:59","slug":"carnet-de-notes-en-herbe-a-elephant-notebookselephantgrass-2","status":"publish","type":"product","link":"https:\/\/www.printings-n.com\/it\/prodotto\/carnet-de-notes-en-herbe-a-elephant-notebookselephantgrass-2\/","title":{"rendered":"Taccuino in erba di elefante"},"content":{"rendered":"<p>Cercate un prodotto resistente e pratico? Il nostro quaderno in carta di erba di elefante \u00e8 la soluzione perfetta! La carta ricavata dall'erba elefante, nota anche come Miscanthus, non subisce trattamenti chimici, richiede poca acqua e assorbe 4 volte pi\u00f9 CO2 di un albero! Il formato A5 lo rende facile da trasportare o da regalare. Ogni libretto contiene 100 pagine, compresa la copertina. Non esitate a ordinare il vostro ora!<\/p>","protected":false},"excerpt":{"rendered":"<p>Vous recherchez un produit \u00e0 la fois durable et pratique ? Notre carnet de notes en papier d&#039;herbe d&#039;\u00e9l\u00e9phant est la solution parfaite ! Le papier \u00e0 base d&#039;herbe d&#039;\u00e9l\u00e9phant, aussi connu comme Miscanthus, n&#039;utilise pas de traitement chimique, n\u00e9cessite peu d&#039;eau et absorbe 4 fois plus de CO2 qu&#039;un arbre ! Le format A5 [&hellip;]<\/p>\n","protected":false},"featured_media":4434,"comment_status":"open","ping_status":"closed","template":"","meta":[],"product_brand":[],"product_cat":[105],"product_tag":[],"class_list":{"0":"post-4433","1":"product","2":"type-product","3":"status-publish","4":"has-post-thumbnail","6":"product_cat-fournitures-de-bureau","8":"first","9":"instock","10":"taxable","11":"shipping-taxable","12":"product-type-simple"},"_links":{"self":[{"href":"https:\/\/www.printings-n.com\/it\/wp-json\/wp\/v2\/product\/4433","targetHints":{"allow":["GET"]}}],"collection":[{"href":"https:\/\/www.printings-n.com\/it\/wp-json\/wp\/v2\/product"}],"about":[{"href":"https:\/\/www.printings-n.com\/it\/wp-json\/wp\/v2\/types\/product"}],"replies":[{"embeddable":true,"href":"https:\/\/www.printings-n.com\/it\/wp-json\/wp\/v2\/comments?post=4433"}],"wp:featuredmedia":[{"embeddable":true,"href":"https:\/\/www.printings-n.com\/it\/wp-json\/wp\/v2\/media\/4434"}],"wp:attachment":[{"href":"https:\/\/www.printings-n.com\/it\/wp-json\/wp\/v2\/media?parent=4433"}],"wp:term":[{"taxonomy":"product_brand","embeddable":true,"href":"https:\/\/www.printings-n.com\/it\/wp-json\/wp\/v2\/product_brand?post=4433"},{"taxonomy":"product_cat","embeddable":true,"href":"https:\/\/www.printings-n.com\/it\/wp-json\/wp\/v2\/product_cat?post=4433"},{"taxonomy":"product_tag","embeddable":true,"href":"https:\/\/www.printings-n.com\/it\/wp-json\/wp\/v2\/product_tag?post=4433"}],"curies":[{"name":"wp","href":"https:\/\/api.w.org\/{rel}","templated":true}]}}