{"id":4242,"date":"2024-12-01T09:11:06","date_gmt":"2024-12-01T09:11:06","guid":{"rendered":"https:\/\/www.printings-n.com\/produit\/stylo-senator-fin-details-en-metal-senatortoppen\/"},"modified":"2024-12-01T09:11:07","modified_gmt":"2024-12-01T09:11:07","slug":"stylo-senator-fin-details-en-metal-senatortoppen","status":"publish","type":"product","link":"https:\/\/www.printings-n.com\/it\/prodotto\/stylo-senator-fin-details-en-metal-senatortoppen\/","title":{"rendered":"Penna Senator con dettagli in metallo"},"content":{"rendered":"<p>Stylo \u00e0 bille \u00e0 \u00e9criture bleue de Senator\u00ae, dot\u00e9 d&#039;une pointe, d&#039;un clip, d&#039;un bouton-poussoir et d&#039;un anneau central en m\u00e9tal durable. Id\u00e9al pour une \u00e9criture fluide et fiable avec une touche d&#039;\u00e9l\u00e9gance.<\/p>","protected":false},"excerpt":{"rendered":"<p>Stylo \u00e0 bille \u00e0 \u00e9criture bleue de Senator\u00ae, dot\u00e9 d&#039;une pointe, d&#039;un clip, d&#039;un bouton-poussoir et d&#039;un anneau central en m\u00e9tal durable. Id\u00e9al pour une \u00e9criture fluide et fiable avec une touche d&#039;\u00e9l\u00e9gance.<\/p>","protected":false},"featured_media":4243,"comment_status":"open","ping_status":"closed","template":"","meta":[],"product_brand":[],"product_cat":[103],"product_tag":[],"class_list":{"0":"post-4242","1":"product","2":"type-product","3":"status-publish","4":"has-post-thumbnail","6":"product_cat-stylos","8":"first","9":"instock","10":"taxable","11":"shipping-taxable","12":"product-type-simple"},"_links":{"self":[{"href":"https:\/\/www.printings-n.com\/it\/wp-json\/wp\/v2\/product\/4242","targetHints":{"allow":["GET"]}}],"collection":[{"href":"https:\/\/www.printings-n.com\/it\/wp-json\/wp\/v2\/product"}],"about":[{"href":"https:\/\/www.printings-n.com\/it\/wp-json\/wp\/v2\/types\/product"}],"replies":[{"embeddable":true,"href":"https:\/\/www.printings-n.com\/it\/wp-json\/wp\/v2\/comments?post=4242"}],"wp:featuredmedia":[{"embeddable":true,"href":"https:\/\/www.printings-n.com\/it\/wp-json\/wp\/v2\/media\/4243"}],"wp:attachment":[{"href":"https:\/\/www.printings-n.com\/it\/wp-json\/wp\/v2\/media?parent=4242"}],"wp:term":[{"taxonomy":"product_brand","embeddable":true,"href":"https:\/\/www.printings-n.com\/it\/wp-json\/wp\/v2\/product_brand?post=4242"},{"taxonomy":"product_cat","embeddable":true,"href":"https:\/\/www.printings-n.com\/it\/wp-json\/wp\/v2\/product_cat?post=4242"},{"taxonomy":"product_tag","embeddable":true,"href":"https:\/\/www.printings-n.com\/it\/wp-json\/wp\/v2\/product_tag?post=4242"}],"curies":[{"name":"wp","href":"https:\/\/api.w.org\/{rel}","templated":true}]}}