{"id":4232,"date":"2024-12-01T09:10:51","date_gmt":"2024-12-01T09:10:51","guid":{"rendered":"https:\/\/www.printings-n.com\/produit\/stylo-basique-blanc-avec-clip-colore-fargopen\/"},"modified":"2024-12-01T09:10:52","modified_gmt":"2024-12-01T09:10:52","slug":"penna-basic-bianca-con-clip-colorata-fargopen","status":"publish","type":"product","link":"https:\/\/www.printings-n.com\/it\/prodotto\/penna-basic-bianca-con-clip-colorata-fargopen\/","title":{"rendered":"Penna bianca di base con clip colorata"},"content":{"rendered":"<p>Questa penna bianca con inchiostro blu \u00e8 il regalo perfetto. Nella sua semplicit\u00e0, emana una classe senza tempo, mentre i dettagli colorati sul lato aggiungono un tocco di creativit\u00e0. Disponibile in una gamma di splendidi colori, questa penna incarna il perfetto equilibrio tra stile e funzionalit\u00e0.<\/p>","protected":false},"excerpt":{"rendered":"<p>Questa penna bianca con inchiostro blu \u00e8 il regalo perfetto. Nella sua semplicit\u00e0, emana una classe senza tempo, mentre i dettagli colorati sul lato aggiungono un tocco di creativit\u00e0. Disponibile in una gamma di splendidi colori, questa penna incarna il perfetto equilibrio tra stile e funzionalit\u00e0.<\/p>","protected":false},"featured_media":4233,"comment_status":"open","ping_status":"closed","template":"","meta":[],"product_brand":[],"product_cat":[103],"product_tag":[],"class_list":{"0":"post-4232","1":"product","2":"type-product","3":"status-publish","4":"has-post-thumbnail","6":"product_cat-stylos","8":"first","9":"instock","10":"taxable","11":"shipping-taxable","12":"product-type-simple"},"_links":{"self":[{"href":"https:\/\/www.printings-n.com\/it\/wp-json\/wp\/v2\/product\/4232","targetHints":{"allow":["GET"]}}],"collection":[{"href":"https:\/\/www.printings-n.com\/it\/wp-json\/wp\/v2\/product"}],"about":[{"href":"https:\/\/www.printings-n.com\/it\/wp-json\/wp\/v2\/types\/product"}],"replies":[{"embeddable":true,"href":"https:\/\/www.printings-n.com\/it\/wp-json\/wp\/v2\/comments?post=4232"}],"wp:featuredmedia":[{"embeddable":true,"href":"https:\/\/www.printings-n.com\/it\/wp-json\/wp\/v2\/media\/4233"}],"wp:attachment":[{"href":"https:\/\/www.printings-n.com\/it\/wp-json\/wp\/v2\/media?parent=4232"}],"wp:term":[{"taxonomy":"product_brand","embeddable":true,"href":"https:\/\/www.printings-n.com\/it\/wp-json\/wp\/v2\/product_brand?post=4232"},{"taxonomy":"product_cat","embeddable":true,"href":"https:\/\/www.printings-n.com\/it\/wp-json\/wp\/v2\/product_cat?post=4232"},{"taxonomy":"product_tag","embeddable":true,"href":"https:\/\/www.printings-n.com\/it\/wp-json\/wp\/v2\/product_tag?post=4232"}],"curies":[{"name":"wp","href":"https:\/\/api.w.org\/{rel}","templated":true}]}}