{"id":4228,"date":"2024-12-01T09:10:44","date_gmt":"2024-12-01T09:10:44","guid":{"rendered":"https:\/\/www.printings-n.com\/produit\/stylo-recycle-bottlerpetpen\/"},"modified":"2024-12-01T09:10:44","modified_gmt":"2024-12-01T09:10:44","slug":"penna-riciclata-bottlerpetpen","status":"publish","type":"product","link":"https:\/\/www.printings-n.com\/it\/prodotto\/penna-riciclata-bottlerpetpen\/","title":{"rendered":"Penna riciclata"},"content":{"rendered":"<p>Con queste penne riciclate, realizzate con bottiglie in PET riciclate, potete fare la vostra parte per l'ambiente. Non solo sono un'alternativa sostenibile alle tradizionali penne di plastica, ma possono anche essere personalizzate. Stampate il vostro logo, marchio, immagine o testo su queste penne ecologiche e promuovete la vostra attivit\u00e0 dando un'immagine pi\u00f9 ecologica.<\/p>","protected":false},"excerpt":{"rendered":"<p>Avec ces stylos stylos recycl\u00e9s, fabriqu\u00e9s \u00e0 partir de bouteilles PET recycl\u00e9es, vous pouvez agir pour la protection de l&#039;environnement. Non seulement ils constituent une alternative durable aux stylos en plastique classiques, mais ils sont \u00e9galement personnalisables. Imprimez votre logo, votre marque, votre image ou votre texte sur ces stylos \u00e9colos et faites conna\u00eetre votre [&hellip;]<\/p>\n","protected":false},"featured_media":4229,"comment_status":"open","ping_status":"closed","template":"","meta":[],"product_brand":[],"product_cat":[103],"product_tag":[],"class_list":{"0":"post-4228","1":"product","2":"type-product","3":"status-publish","4":"has-post-thumbnail","6":"product_cat-stylos","8":"first","9":"instock","10":"taxable","11":"shipping-taxable","12":"product-type-simple"},"_links":{"self":[{"href":"https:\/\/www.printings-n.com\/it\/wp-json\/wp\/v2\/product\/4228","targetHints":{"allow":["GET"]}}],"collection":[{"href":"https:\/\/www.printings-n.com\/it\/wp-json\/wp\/v2\/product"}],"about":[{"href":"https:\/\/www.printings-n.com\/it\/wp-json\/wp\/v2\/types\/product"}],"replies":[{"embeddable":true,"href":"https:\/\/www.printings-n.com\/it\/wp-json\/wp\/v2\/comments?post=4228"}],"wp:featuredmedia":[{"embeddable":true,"href":"https:\/\/www.printings-n.com\/it\/wp-json\/wp\/v2\/media\/4229"}],"wp:attachment":[{"href":"https:\/\/www.printings-n.com\/it\/wp-json\/wp\/v2\/media?parent=4228"}],"wp:term":[{"taxonomy":"product_brand","embeddable":true,"href":"https:\/\/www.printings-n.com\/it\/wp-json\/wp\/v2\/product_brand?post=4228"},{"taxonomy":"product_cat","embeddable":true,"href":"https:\/\/www.printings-n.com\/it\/wp-json\/wp\/v2\/product_cat?post=4228"},{"taxonomy":"product_tag","embeddable":true,"href":"https:\/\/www.printings-n.com\/it\/wp-json\/wp\/v2\/product_tag?post=4228"}],"curies":[{"name":"wp","href":"https:\/\/api.w.org\/{rel}","templated":true}]}}