{"id":4218,"date":"2024-12-01T09:10:25","date_gmt":"2024-12-01T09:10:25","guid":{"rendered":"https:\/\/www.printings-n.com\/produit\/bic-4-couleurs-stylo-bic4coloursballpen\/"},"modified":"2024-12-01T09:10:26","modified_gmt":"2024-12-01T09:10:26","slug":"bic-4-colori-penna-bic4coloursballpen","status":"publish","type":"product","link":"https:\/\/www.printings-n.com\/it\/prodotto\/bic-4-colori-penna-bic4coloursballpen\/","title":{"rendered":"Penna BIC a 4 colori"},"content":{"rendered":"<p>Quattro colori di inchiostro in uno! Questa iconica penna BIC\u00ae 4 Colours\u00ae offre la comodit\u00e0 dell'inchiostro nero, blu, rosso e verde in un'unica penna. Ora \u00e8 ancora pi\u00f9 resistente e presenta 13 % di plastica in meno sulla parte superiore. Stampa in quadricromia con Britepix\u2122 Digital di alta qualit\u00e0 per un look personalizzato che si fa notare.<\/p>","protected":false},"excerpt":{"rendered":"<p>Quatre couleurs d&#039;encre en une seule ! Ce stylo embl\u00e9matique BIC\u00ae 4 Colours\u00ae offre la commodit\u00e9 d&#039;une encre noire, bleue, rouge et verte dans un seul stylo. D\u00e9sormais encore plus durable, il pr\u00e9sente une r\u00e9duction de 13 % de plastique sur le dessus. Imprimez en quadrichromie avec Britepix\u2122 Digital de haute qualit\u00e9 pour un look [&hellip;]<\/p>\n","protected":false},"featured_media":4219,"comment_status":"open","ping_status":"closed","template":"","meta":[],"product_brand":[],"product_cat":[103],"product_tag":[],"class_list":{"0":"post-4218","1":"product","2":"type-product","3":"status-publish","4":"has-post-thumbnail","6":"product_cat-stylos","8":"first","9":"instock","10":"taxable","11":"shipping-taxable","12":"product-type-simple"},"_links":{"self":[{"href":"https:\/\/www.printings-n.com\/it\/wp-json\/wp\/v2\/product\/4218","targetHints":{"allow":["GET"]}}],"collection":[{"href":"https:\/\/www.printings-n.com\/it\/wp-json\/wp\/v2\/product"}],"about":[{"href":"https:\/\/www.printings-n.com\/it\/wp-json\/wp\/v2\/types\/product"}],"replies":[{"embeddable":true,"href":"https:\/\/www.printings-n.com\/it\/wp-json\/wp\/v2\/comments?post=4218"}],"wp:featuredmedia":[{"embeddable":true,"href":"https:\/\/www.printings-n.com\/it\/wp-json\/wp\/v2\/media\/4219"}],"wp:attachment":[{"href":"https:\/\/www.printings-n.com\/it\/wp-json\/wp\/v2\/media?parent=4218"}],"wp:term":[{"taxonomy":"product_brand","embeddable":true,"href":"https:\/\/www.printings-n.com\/it\/wp-json\/wp\/v2\/product_brand?post=4218"},{"taxonomy":"product_cat","embeddable":true,"href":"https:\/\/www.printings-n.com\/it\/wp-json\/wp\/v2\/product_cat?post=4218"},{"taxonomy":"product_tag","embeddable":true,"href":"https:\/\/www.printings-n.com\/it\/wp-json\/wp\/v2\/product_tag?post=4218"}],"curies":[{"name":"wp","href":"https:\/\/api.w.org\/{rel}","templated":true}]}}