{"id":4216,"date":"2024-12-01T09:10:20","date_gmt":"2024-12-01T09:10:20","guid":{"rendered":"https:\/\/www.printings-n.com\/produit\/stylo-en-bambou-avec-clip-en-ble-bamboopenwithwheatstrawclip\/"},"modified":"2024-12-01T09:10:21","modified_gmt":"2024-12-01T09:10:21","slug":"penna-in-bambu-con-clip-in-ble-bamboopenwithwheatstrawclip","status":"publish","type":"product","link":"https:\/\/www.printings-n.com\/it\/prodotto\/penna-in-bambu-con-clip-in-ble-bamboopenwithwheatstrawclip\/","title":{"rendered":"Penna in bamb\u00f9 con clip in grano"},"content":{"rendered":"<p>Le compagnon d&#039;\u00e9criture id\u00e9al, le Stylo en bambou avec clip en bl\u00e9 de [site_name] embellit la durabilit\u00e9.  Id\u00e9al pour les cadeaux publicitaires, imprimez avec votre marque pour montrer que vous vous souciez vraiment de l&#039;environnement. Le stylo est fabriqu\u00e9 en bambou et en paille de bl\u00e9. La composition du clip est de 40% de paille de bl\u00e9 et de 60% d&#039;ABS. Le stylo \u00e9crit \u00e0 l&#039;encre bleue et tient parfaitement dans la main. Commandez le v\u00f4tre d\u00e8s aujourd&#039;hui !<\/p>\n","protected":false},"excerpt":{"rendered":"<p>Le compagnon d&#039;\u00e9criture id\u00e9al, le Stylo en bambou avec clip en bl\u00e9 de [site_name] embellit la durabilit\u00e9. Id\u00e9al pour les cadeaux publicitaires, imprimez avec votre marque pour montrer que vous vous souciez vraiment de l&#039;environnement. Le stylo est fabriqu\u00e9 en bambou et en paille de bl\u00e9. La composition du clip est de 40% de paille [&hellip;]<\/p>\n","protected":false},"featured_media":4217,"comment_status":"open","ping_status":"closed","template":"","meta":[],"product_brand":[],"product_cat":[103],"product_tag":[],"class_list":{"0":"post-4216","1":"product","2":"type-product","3":"status-publish","4":"has-post-thumbnail","6":"product_cat-stylos","8":"first","9":"instock","10":"taxable","11":"shipping-taxable","12":"product-type-simple"},"_links":{"self":[{"href":"https:\/\/www.printings-n.com\/it\/wp-json\/wp\/v2\/product\/4216","targetHints":{"allow":["GET"]}}],"collection":[{"href":"https:\/\/www.printings-n.com\/it\/wp-json\/wp\/v2\/product"}],"about":[{"href":"https:\/\/www.printings-n.com\/it\/wp-json\/wp\/v2\/types\/product"}],"replies":[{"embeddable":true,"href":"https:\/\/www.printings-n.com\/it\/wp-json\/wp\/v2\/comments?post=4216"}],"wp:featuredmedia":[{"embeddable":true,"href":"https:\/\/www.printings-n.com\/it\/wp-json\/wp\/v2\/media\/4217"}],"wp:attachment":[{"href":"https:\/\/www.printings-n.com\/it\/wp-json\/wp\/v2\/media?parent=4216"}],"wp:term":[{"taxonomy":"product_brand","embeddable":true,"href":"https:\/\/www.printings-n.com\/it\/wp-json\/wp\/v2\/product_brand?post=4216"},{"taxonomy":"product_cat","embeddable":true,"href":"https:\/\/www.printings-n.com\/it\/wp-json\/wp\/v2\/product_cat?post=4216"},{"taxonomy":"product_tag","embeddable":true,"href":"https:\/\/www.printings-n.com\/it\/wp-json\/wp\/v2\/product_tag?post=4216"}],"curies":[{"name":"wp","href":"https:\/\/api.w.org\/{rel}","templated":true}]}}