{"id":4211,"date":"2024-12-01T09:10:11","date_gmt":"2024-12-01T09:10:11","guid":{"rendered":"https:\/\/www.printings-n.com\/produit\/stylo-budget-budgetpens\/"},"modified":"2024-12-01T09:10:11","modified_gmt":"2024-12-01T09:10:11","slug":"penne-economiche","status":"publish","type":"product","link":"https:\/\/www.printings-n.com\/it\/prodotto\/penne-economiche\/","title":{"rendered":"Penna di bilancio"},"content":{"rendered":"<p>Personnalisez le Stylo budget de [site_name] avec le logo ou le design de votre entreprise, et vous obtenez un outil marketing fantastique ! Ces stylos \u00e0 encre bleue sont disponibles en 8 couleurs diff\u00e9rentes et sont tr\u00e8s agr\u00e9ables \u00e0 utiliser. Imprim\u00e9s en quadrichromie, soyez cr\u00e9atifs et distribuez-les lors d&#039;\u00e9v\u00e9nements et d&#039;expositions pour accro\u00eetre la visibilit\u00e9 de votre marque !<\/p>\n","protected":false},"excerpt":{"rendered":"<p>Personnalisez le Stylo budget de [site_name] avec le logo ou le design de votre entreprise, et vous obtenez un outil marketing fantastique ! Ces stylos \u00e0 encre bleue sont disponibles en 8 couleurs diff\u00e9rentes et sont tr\u00e8s agr\u00e9ables \u00e0 utiliser. Imprim\u00e9s en quadrichromie, soyez cr\u00e9atifs et distribuez-les lors d&#039;\u00e9v\u00e9nements et d&#039;expositions pour accro\u00eetre la visibilit\u00e9 [&hellip;]<\/p>\n","protected":false},"featured_media":4212,"comment_status":"open","ping_status":"closed","template":"","meta":[],"product_brand":[],"product_cat":[103],"product_tag":[],"class_list":{"0":"post-4211","1":"product","2":"type-product","3":"status-publish","4":"has-post-thumbnail","6":"product_cat-stylos","8":"first","9":"instock","10":"taxable","11":"shipping-taxable","12":"product-type-simple"},"_links":{"self":[{"href":"https:\/\/www.printings-n.com\/it\/wp-json\/wp\/v2\/product\/4211","targetHints":{"allow":["GET"]}}],"collection":[{"href":"https:\/\/www.printings-n.com\/it\/wp-json\/wp\/v2\/product"}],"about":[{"href":"https:\/\/www.printings-n.com\/it\/wp-json\/wp\/v2\/types\/product"}],"replies":[{"embeddable":true,"href":"https:\/\/www.printings-n.com\/it\/wp-json\/wp\/v2\/comments?post=4211"}],"wp:featuredmedia":[{"embeddable":true,"href":"https:\/\/www.printings-n.com\/it\/wp-json\/wp\/v2\/media\/4212"}],"wp:attachment":[{"href":"https:\/\/www.printings-n.com\/it\/wp-json\/wp\/v2\/media?parent=4211"}],"wp:term":[{"taxonomy":"product_brand","embeddable":true,"href":"https:\/\/www.printings-n.com\/it\/wp-json\/wp\/v2\/product_brand?post=4211"},{"taxonomy":"product_cat","embeddable":true,"href":"https:\/\/www.printings-n.com\/it\/wp-json\/wp\/v2\/product_cat?post=4211"},{"taxonomy":"product_tag","embeddable":true,"href":"https:\/\/www.printings-n.com\/it\/wp-json\/wp\/v2\/product_tag?post=4211"}],"curies":[{"name":"wp","href":"https:\/\/api.w.org\/{rel}","templated":true}]}}