{"id":4207,"date":"2024-12-01T09:10:01","date_gmt":"2024-12-01T09:10:01","guid":{"rendered":"https:\/\/www.printings-n.com\/produit\/stylos-baron-penbaron\/"},"modified":"2024-12-01T09:10:02","modified_gmt":"2024-12-01T09:10:02","slug":"stylos-baron-penbaron","status":"publish","type":"product","link":"https:\/\/www.printings-n.com\/it\/prodotto\/stylos-baron-penbaron\/","title":{"rendered":"Penne Baron"},"content":{"rendered":"<p>Vous pouvez commander ce Stylos Baron chez [site_name] \u00e0 un prix super comp\u00e9titif ! Le stylo est de la marque italienne Stilonea et l&#039;un de nos stylos promotionnels les plus recherch\u00e9s. Les stylos sont imprim\u00e9s en quadrichromie : id\u00e9al pour imprimer votre logo dans toutes les couleurs. Choisissez votre couleur, le nombre de pi\u00e8ces et concevez votre stylo facilement dans notre \u00e9diteur !<\/p>\n","protected":false},"excerpt":{"rendered":"<p>Vous pouvez commander ce Stylos Baron chez [site_name] \u00e0 un prix super comp\u00e9titif ! Le stylo est de la marque italienne Stilonea et l&#039;un de nos stylos promotionnels les plus recherch\u00e9s. Les stylos sont imprim\u00e9s en quadrichromie : id\u00e9al pour imprimer votre logo dans toutes les couleurs. Choisissez votre couleur, le nombre de pi\u00e8ces et [&hellip;]<\/p>\n","protected":false},"featured_media":4208,"comment_status":"open","ping_status":"closed","template":"","meta":[],"product_brand":[],"product_cat":[103],"product_tag":[],"class_list":{"0":"post-4207","1":"product","2":"type-product","3":"status-publish","4":"has-post-thumbnail","6":"product_cat-stylos","8":"first","9":"instock","10":"taxable","11":"shipping-taxable","12":"product-type-simple"},"_links":{"self":[{"href":"https:\/\/www.printings-n.com\/it\/wp-json\/wp\/v2\/product\/4207","targetHints":{"allow":["GET"]}}],"collection":[{"href":"https:\/\/www.printings-n.com\/it\/wp-json\/wp\/v2\/product"}],"about":[{"href":"https:\/\/www.printings-n.com\/it\/wp-json\/wp\/v2\/types\/product"}],"replies":[{"embeddable":true,"href":"https:\/\/www.printings-n.com\/it\/wp-json\/wp\/v2\/comments?post=4207"}],"wp:featuredmedia":[{"embeddable":true,"href":"https:\/\/www.printings-n.com\/it\/wp-json\/wp\/v2\/media\/4208"}],"wp:attachment":[{"href":"https:\/\/www.printings-n.com\/it\/wp-json\/wp\/v2\/media?parent=4207"}],"wp:term":[{"taxonomy":"product_brand","embeddable":true,"href":"https:\/\/www.printings-n.com\/it\/wp-json\/wp\/v2\/product_brand?post=4207"},{"taxonomy":"product_cat","embeddable":true,"href":"https:\/\/www.printings-n.com\/it\/wp-json\/wp\/v2\/product_cat?post=4207"},{"taxonomy":"product_tag","embeddable":true,"href":"https:\/\/www.printings-n.com\/it\/wp-json\/wp\/v2\/product_tag?post=4207"}],"curies":[{"name":"wp","href":"https:\/\/api.w.org\/{rel}","templated":true}]}}