{"id":3958,"date":"2024-12-01T08:59:08","date_gmt":"2024-12-01T08:59:08","guid":{"rendered":"https:\/\/www.printings-n.com\/produit\/sac-de-sport-reclaim-grs-recycle-bicolore-reclaimgrsrecycledtwotonesportduffel\/"},"modified":"2024-12-01T08:59:09","modified_gmt":"2024-12-01T08:59:09","slug":"reclaim-grs-borsa-sportiva-bicolore-riciclata-reclaimgrsrecycledtwotonesportduffel","status":"publish","type":"product","link":"https:\/\/www.printings-n.com\/it\/prodotto\/reclaim-grs-borsa-sportiva-bicolore-riciclata-reclaimgrsrecycledtwotonesportduffel\/","title":{"rendered":"Borsa sportiva riciclata bicolore Reclaim GRS"},"content":{"rendered":"<p>Il borsone Reclaim GRS Recycled Sport Duffel Bag &egrave; il compagno ecologico per le vostre avventure attive. Realizzato in materiale riciclato 100 %, presenta un elegante design bicolore con una tasca frontale verticale con zip e uno spazioso scomparto principale. &Egrave; comoda da trasportare grazie alle maniglie a nastro e agli spallacci regolabili.&lt;br&gt;<br \/>\nIdeale per tutte le attivit\u00e0 sportive.<\/p>","protected":false},"excerpt":{"rendered":"<p>Le sac Reclaim GRS Recycled Sport Duffel Bag est le compagnon \u00e9cologique de vos aventures actives. Fabriqu\u00e9 \u00e0 partir de mat\u00e9riaux 100 % recycl\u00e9s, il arbore un design bicolore \u00e9l\u00e9gant avec une poche frontale verticale zipp\u00e9e et un compartiment principal spacieux. Il est confortable gr\u00e2ce \u00e0 ses poign\u00e9es de transport gain\u00e9es de sangle et \u00e0 [&hellip;]<\/p>\n","protected":false},"featured_media":3959,"comment_status":"open","ping_status":"closed","template":"","meta":[],"product_brand":[],"product_cat":[102],"product_tag":[],"class_list":{"0":"post-3958","1":"product","2":"type-product","3":"status-publish","4":"has-post-thumbnail","6":"product_cat-sacs","8":"first","9":"instock","10":"taxable","11":"shipping-taxable","12":"product-type-simple"},"_links":{"self":[{"href":"https:\/\/www.printings-n.com\/it\/wp-json\/wp\/v2\/product\/3958","targetHints":{"allow":["GET"]}}],"collection":[{"href":"https:\/\/www.printings-n.com\/it\/wp-json\/wp\/v2\/product"}],"about":[{"href":"https:\/\/www.printings-n.com\/it\/wp-json\/wp\/v2\/types\/product"}],"replies":[{"embeddable":true,"href":"https:\/\/www.printings-n.com\/it\/wp-json\/wp\/v2\/comments?post=3958"}],"wp:featuredmedia":[{"embeddable":true,"href":"https:\/\/www.printings-n.com\/it\/wp-json\/wp\/v2\/media\/3959"}],"wp:attachment":[{"href":"https:\/\/www.printings-n.com\/it\/wp-json\/wp\/v2\/media?parent=3958"}],"wp:term":[{"taxonomy":"product_brand","embeddable":true,"href":"https:\/\/www.printings-n.com\/it\/wp-json\/wp\/v2\/product_brand?post=3958"},{"taxonomy":"product_cat","embeddable":true,"href":"https:\/\/www.printings-n.com\/it\/wp-json\/wp\/v2\/product_cat?post=3958"},{"taxonomy":"product_tag","embeddable":true,"href":"https:\/\/www.printings-n.com\/it\/wp-json\/wp\/v2\/product_tag?post=3958"}],"curies":[{"name":"wp","href":"https:\/\/api.w.org\/{rel}","templated":true}]}}