{"id":3950,"date":"2024-12-01T08:58:52","date_gmt":"2024-12-01T08:58:52","guid":{"rendered":"https:\/\/www.printings-n.com\/produit\/sac-week-end-exterieur-impactawareurbanoutdoorweekendbag\/"},"modified":"2024-12-01T08:58:53","modified_gmt":"2024-12-01T08:58:53","slug":"sac-week-end-exterieur-impactawareurbanoutdoorweekendbag","status":"publish","type":"product","link":"https:\/\/www.printings-n.com\/it\/prodotto\/sac-week-end-exterieur-impactawareurbanoutdoorweekendbag\/","title":{"rendered":"Borsa per il weekend all'aperto"},"content":{"rendered":"[site_name] Sac week-end ext\u00e9rieur a plus qu&#039;assez d&#039;espace pour une escapade d&#039;un week-end !&lt;br&lt;<br \/>\nCe sac d&#039;inspiration outdoor est dot\u00e9 d&#039;un compartiment zipp\u00e9 \u00e0 l&#039;avant et d&#039;un grand compartiment principal. Les poches lat\u00e9rales zipp\u00e9es permettent d&#039;acc\u00e9der rapidement \u00e0 vos affaires quotidiennes. En outre, ce sac est compos\u00e9 de 50 % de polyester recycl\u00e9 et d&#039;une doublure en polyester 100 % recycl\u00e9. Choisissez votre impression et surprenez vos clients, coll\u00e8gues ou amis avec ces sacs durables !<\/p>\n","protected":false},"excerpt":{"rendered":"<p>[site_name] Sac week-end ext\u00e9rieur a plus qu&#039;assez d&#039;espace pour une escapade d&#039;un week-end !&lt;br&lt; Ce sac d&#039;inspiration outdoor est dot\u00e9 d&#039;un compartiment zipp\u00e9 \u00e0 l&#039;avant et d&#039;un grand compartiment principal. Les poches lat\u00e9rales zipp\u00e9es permettent d&#039;acc\u00e9der rapidement \u00e0 vos affaires quotidiennes. En outre, ce sac est compos\u00e9 de 50 % de polyester recycl\u00e9 et d&#039;une [&hellip;]<\/p>\n","protected":false},"featured_media":3951,"comment_status":"open","ping_status":"closed","template":"","meta":[],"product_brand":[],"product_cat":[102],"product_tag":[],"class_list":{"0":"post-3950","1":"product","2":"type-product","3":"status-publish","4":"has-post-thumbnail","6":"product_cat-sacs","8":"first","9":"instock","10":"taxable","11":"shipping-taxable","12":"product-type-simple"},"_links":{"self":[{"href":"https:\/\/www.printings-n.com\/it\/wp-json\/wp\/v2\/product\/3950","targetHints":{"allow":["GET"]}}],"collection":[{"href":"https:\/\/www.printings-n.com\/it\/wp-json\/wp\/v2\/product"}],"about":[{"href":"https:\/\/www.printings-n.com\/it\/wp-json\/wp\/v2\/types\/product"}],"replies":[{"embeddable":true,"href":"https:\/\/www.printings-n.com\/it\/wp-json\/wp\/v2\/comments?post=3950"}],"wp:featuredmedia":[{"embeddable":true,"href":"https:\/\/www.printings-n.com\/it\/wp-json\/wp\/v2\/media\/3951"}],"wp:attachment":[{"href":"https:\/\/www.printings-n.com\/it\/wp-json\/wp\/v2\/media?parent=3950"}],"wp:term":[{"taxonomy":"product_brand","embeddable":true,"href":"https:\/\/www.printings-n.com\/it\/wp-json\/wp\/v2\/product_brand?post=3950"},{"taxonomy":"product_cat","embeddable":true,"href":"https:\/\/www.printings-n.com\/it\/wp-json\/wp\/v2\/product_cat?post=3950"},{"taxonomy":"product_tag","embeddable":true,"href":"https:\/\/www.printings-n.com\/it\/wp-json\/wp\/v2\/product_tag?post=3950"}],"curies":[{"name":"wp","href":"https:\/\/api.w.org\/{rel}","templated":true}]}}