{"id":3915,"date":"2024-12-01T08:57:18","date_gmt":"2024-12-01T08:57:18","guid":{"rendered":"https:\/\/www.printings-n.com\/produit\/poufs-fat-boy-beanbags\/"},"modified":"2024-12-01T08:57:18","modified_gmt":"2024-12-01T08:57:18","slug":"borsoni-per-ragazzi-grassi","status":"publish","type":"product","link":"https:\/\/www.printings-n.com\/it\/prodotto\/borsoni-per-ragazzi-grassi\/","title":{"rendered":"Pouf per bambini grassi"},"content":{"rendered":"<p>Avec les Poufs fat boy d&#039;[site_name], afficher son logo, slogan ou image de marque est un jeu d&#039;enfant ! Parfait pour d\u00e9corer votre terrasse, restaurant ou caf\u00e9, les poufs poires deviendront bient\u00f4t un atout indispensable pour votre notori\u00e9t\u00e9. Commandez d\u00e8s maintenant votre pouf, \u00e0 la fois utile et original, et installez confortablement vos clients, proches et employ\u00e9s !<br \/>\nLe tissu est compos\u00e9 de polyester 220 gms.<br \/>\n\u00c0 savoir: le pouf est imprim\u00e9 dans la couleur de l&#039;arri\u00e8re plan de votre visuel.<\/p>\n","protected":false},"excerpt":{"rendered":"<p>Avec les Poufs fat boy d&#039;[site_name], afficher son logo, slogan ou image de marque est un jeu d&#039;enfant ! Parfait pour d\u00e9corer votre terrasse, restaurant ou caf\u00e9, les poufs poires deviendront bient\u00f4t un atout indispensable pour votre notori\u00e9t\u00e9. Commandez d\u00e8s maintenant votre pouf, \u00e0 la fois utile et original, et installez confortablement vos clients, proches [&hellip;]<\/p>\n","protected":false},"featured_media":3916,"comment_status":"open","ping_status":"closed","template":"","meta":[],"product_brand":[],"product_cat":[102],"product_tag":[],"class_list":{"0":"post-3915","1":"product","2":"type-product","3":"status-publish","4":"has-post-thumbnail","6":"product_cat-sacs","8":"first","9":"instock","10":"taxable","11":"shipping-taxable","12":"product-type-simple"},"_links":{"self":[{"href":"https:\/\/www.printings-n.com\/it\/wp-json\/wp\/v2\/product\/3915","targetHints":{"allow":["GET"]}}],"collection":[{"href":"https:\/\/www.printings-n.com\/it\/wp-json\/wp\/v2\/product"}],"about":[{"href":"https:\/\/www.printings-n.com\/it\/wp-json\/wp\/v2\/types\/product"}],"replies":[{"embeddable":true,"href":"https:\/\/www.printings-n.com\/it\/wp-json\/wp\/v2\/comments?post=3915"}],"wp:featuredmedia":[{"embeddable":true,"href":"https:\/\/www.printings-n.com\/it\/wp-json\/wp\/v2\/media\/3916"}],"wp:attachment":[{"href":"https:\/\/www.printings-n.com\/it\/wp-json\/wp\/v2\/media?parent=3915"}],"wp:term":[{"taxonomy":"product_brand","embeddable":true,"href":"https:\/\/www.printings-n.com\/it\/wp-json\/wp\/v2\/product_brand?post=3915"},{"taxonomy":"product_cat","embeddable":true,"href":"https:\/\/www.printings-n.com\/it\/wp-json\/wp\/v2\/product_cat?post=3915"},{"taxonomy":"product_tag","embeddable":true,"href":"https:\/\/www.printings-n.com\/it\/wp-json\/wp\/v2\/product_tag?post=3915"}],"curies":[{"name":"wp","href":"https:\/\/api.w.org\/{rel}","templated":true}]}}