{"id":3557,"date":"2024-11-30T23:14:01","date_gmt":"2024-11-30T23:14:01","guid":{"rendered":"https:\/\/www.printings-n.com\/produit\/polo-premium-sols-polosbasicsols\/"},"modified":"2024-11-30T23:14:02","modified_gmt":"2024-11-30T23:14:02","slug":"polo-premium-sols-polosbasicsols","status":"publish","type":"product","link":"https:\/\/www.printings-n.com\/it\/prodotto\/polo-premium-sols-polosbasicsols\/","title":{"rendered":"Polo premium Sol's"},"content":{"rendered":"<p>Ces polos premium sont fait pour durer ! Fabriqu\u00e9 en 100% coton, c&#039;est le meilleur choix en termes de qualit\u00e9. Disponibles \u00e0 partir d&#039;une seule pi\u00e8ce. Imprimez votre logo ou votre design en quadrichromie, ou optez pour la broderie en 4 couleurs unies maximum pour donner une touche sp\u00e9ciale suppl\u00e9mentaire. La coupe est confortable et parfaite pour que vos employ\u00e9s se sentent \u00e0 l&#039;aise.<\/p>","protected":false},"excerpt":{"rendered":"<p>Ces polos premium sont fait pour durer ! Fabriqu\u00e9 en 100% coton, c&#039;est le meilleur choix en termes de qualit\u00e9. Disponibles \u00e0 partir d&#039;une seule pi\u00e8ce. Imprimez votre logo ou votre design en quadrichromie, ou optez pour la broderie en 4 couleurs unies maximum pour donner une touche sp\u00e9ciale suppl\u00e9mentaire. La coupe est confortable et [&hellip;]<\/p>\n","protected":false},"featured_media":3558,"comment_status":"open","ping_status":"closed","template":"","meta":[],"product_brand":[],"product_cat":[86],"product_tag":[],"class_list":{"0":"post-3557","1":"product","2":"type-product","3":"status-publish","4":"has-post-thumbnail","6":"product_cat-chemises-polo","8":"first","9":"instock","10":"taxable","11":"shipping-taxable","12":"product-type-simple"},"_links":{"self":[{"href":"https:\/\/www.printings-n.com\/it\/wp-json\/wp\/v2\/product\/3557","targetHints":{"allow":["GET"]}}],"collection":[{"href":"https:\/\/www.printings-n.com\/it\/wp-json\/wp\/v2\/product"}],"about":[{"href":"https:\/\/www.printings-n.com\/it\/wp-json\/wp\/v2\/types\/product"}],"replies":[{"embeddable":true,"href":"https:\/\/www.printings-n.com\/it\/wp-json\/wp\/v2\/comments?post=3557"}],"wp:featuredmedia":[{"embeddable":true,"href":"https:\/\/www.printings-n.com\/it\/wp-json\/wp\/v2\/media\/3558"}],"wp:attachment":[{"href":"https:\/\/www.printings-n.com\/it\/wp-json\/wp\/v2\/media?parent=3557"}],"wp:term":[{"taxonomy":"product_brand","embeddable":true,"href":"https:\/\/www.printings-n.com\/it\/wp-json\/wp\/v2\/product_brand?post=3557"},{"taxonomy":"product_cat","embeddable":true,"href":"https:\/\/www.printings-n.com\/it\/wp-json\/wp\/v2\/product_cat?post=3557"},{"taxonomy":"product_tag","embeddable":true,"href":"https:\/\/www.printings-n.com\/it\/wp-json\/wp\/v2\/product_tag?post=3557"}],"curies":[{"name":"wp","href":"https:\/\/api.w.org\/{rel}","templated":true}]}}