{"id":3545,"date":"2024-11-30T23:13:27","date_gmt":"2024-11-30T23:13:27","guid":{"rendered":"https:\/\/www.printings-n.com\/produit\/polo-a-manches-courtes-budget-bc-polomy180gsm\/"},"modified":"2024-11-30T23:13:30","modified_gmt":"2024-11-30T23:13:30","slug":"budget-bc-polomy180gsm-polo-a-maniche-corte","status":"publish","type":"product","link":"https:\/\/www.printings-n.com\/it\/prodotto\/budget-bc-polomy180gsm-polo-a-maniche-corte\/","title":{"rendered":"Polo economica a maniche corte di B&amp;C"},"content":{"rendered":"<p>Ravviva il tuo guardaroba con questa polo basic a maniche corte! Realizzata in cotone filato 100%, questa polo presenta un colletto a coste e un classico design a due bottoni. Disponibile in un'ampia gamma di colori e in 5 taglie. Ordinate queste polo dal prezzo conveniente e personalizzatele con il vostro logo o disegno!<\/p>","protected":false},"excerpt":{"rendered":"<p>Donnez un coup de peps \u00e0 votre garde-robe avec ce polo basique \u00e0 manches courtes ! Fabriqu\u00e9 en 100% coton fil\u00e9, ce polo pr\u00e9sente un col c\u00f4tel\u00e9 et un design classique \u00e0 deux boutons. Disponible dans un large choix de couleurs et en 5 tailles. Commandez ces polos avec le meilleur rapport qualit\u00e9-prix et personnalisez [&hellip;]<\/p>\n","protected":false},"featured_media":3546,"comment_status":"open","ping_status":"closed","template":"","meta":[],"product_brand":[],"product_cat":[86],"product_tag":[],"class_list":{"0":"post-3545","1":"product","2":"type-product","3":"status-publish","4":"has-post-thumbnail","6":"product_cat-chemises-polo","8":"first","9":"instock","10":"taxable","11":"shipping-taxable","12":"product-type-simple"},"_links":{"self":[{"href":"https:\/\/www.printings-n.com\/it\/wp-json\/wp\/v2\/product\/3545","targetHints":{"allow":["GET"]}}],"collection":[{"href":"https:\/\/www.printings-n.com\/it\/wp-json\/wp\/v2\/product"}],"about":[{"href":"https:\/\/www.printings-n.com\/it\/wp-json\/wp\/v2\/types\/product"}],"replies":[{"embeddable":true,"href":"https:\/\/www.printings-n.com\/it\/wp-json\/wp\/v2\/comments?post=3545"}],"wp:featuredmedia":[{"embeddable":true,"href":"https:\/\/www.printings-n.com\/it\/wp-json\/wp\/v2\/media\/3546"}],"wp:attachment":[{"href":"https:\/\/www.printings-n.com\/it\/wp-json\/wp\/v2\/media?parent=3545"}],"wp:term":[{"taxonomy":"product_brand","embeddable":true,"href":"https:\/\/www.printings-n.com\/it\/wp-json\/wp\/v2\/product_brand?post=3545"},{"taxonomy":"product_cat","embeddable":true,"href":"https:\/\/www.printings-n.com\/it\/wp-json\/wp\/v2\/product_cat?post=3545"},{"taxonomy":"product_tag","embeddable":true,"href":"https:\/\/www.printings-n.com\/it\/wp-json\/wp\/v2\/product_tag?post=3545"}],"curies":[{"name":"wp","href":"https:\/\/api.w.org\/{rel}","templated":true}]}}