{"id":3388,"date":"2024-11-30T23:04:59","date_gmt":"2024-11-30T23:04:59","guid":{"rendered":"https:\/\/www.printings-n.com\/produit\/sweat-a-capuche-premium-sols-seattle-hoodieraglan280gsm\/"},"modified":"2024-11-30T23:05:00","modified_gmt":"2024-11-30T23:05:00","slug":"felpa-con-cappuccio-premium-seattle-sols-hoodieraglan280gsm","status":"publish","type":"product","link":"https:\/\/www.printings-n.com\/it\/prodotto\/felpa-con-cappuccio-premium-seattle-sols-hoodieraglan280gsm\/","title":{"rendered":"Felpa con cappuccio Sol's Seattle premium"},"content":{"rendered":"<p>Una felpa con cappuccio personalizzata con il vostro marchio in pochi clic. Questa felpa da baseball bicolore con cappuccio \u00e8 il regalo promozionale ideale per i vostri dipendenti o clienti. Realizzata in un materiale caldo, morbido e di qualit\u00e0, \u00e8 un articolo indispensabile per impressionare i vostri clienti. La felpa da baseball con cappuccio \u00e8 unisex ed \u00e8 fatta per essere indossata ripetutamente. \u00c8 possibile ordinare facilmente la felpa con cappuccio da un unico pezzo. Disponibile con stampa digitale o ricamo.<\/p>","protected":false},"excerpt":{"rendered":"<p>Un sweat \u00e0 capuche personnalis\u00e9 avec votre propre marque en quelques clics. Ce sweat \u00e0 capuche bicolore baseball est le cadeau promotionnel id\u00e9al pour vos employ\u00e9s ou vos clients. Fabriqu\u00e9 dans un mat\u00e9riau chaud, doux et de qualit\u00e9, c&#039;est un article indispensable pour impressionner vos clients. Le sweat \u00e0 capuche de baseball est unisexe et [&hellip;]<\/p>\n","protected":false},"featured_media":3389,"comment_status":"open","ping_status":"closed","template":"","meta":[],"product_brand":[],"product_cat":[84],"product_tag":[],"class_list":{"0":"post-3388","1":"product","2":"type-product","3":"status-publish","4":"has-post-thumbnail","6":"product_cat-sweatshirts-a-capuche-et-pulls","8":"first","9":"instock","10":"taxable","11":"shipping-taxable","12":"product-type-simple"},"_links":{"self":[{"href":"https:\/\/www.printings-n.com\/it\/wp-json\/wp\/v2\/product\/3388","targetHints":{"allow":["GET"]}}],"collection":[{"href":"https:\/\/www.printings-n.com\/it\/wp-json\/wp\/v2\/product"}],"about":[{"href":"https:\/\/www.printings-n.com\/it\/wp-json\/wp\/v2\/types\/product"}],"replies":[{"embeddable":true,"href":"https:\/\/www.printings-n.com\/it\/wp-json\/wp\/v2\/comments?post=3388"}],"wp:featuredmedia":[{"embeddable":true,"href":"https:\/\/www.printings-n.com\/it\/wp-json\/wp\/v2\/media\/3389"}],"wp:attachment":[{"href":"https:\/\/www.printings-n.com\/it\/wp-json\/wp\/v2\/media?parent=3388"}],"wp:term":[{"taxonomy":"product_brand","embeddable":true,"href":"https:\/\/www.printings-n.com\/it\/wp-json\/wp\/v2\/product_brand?post=3388"},{"taxonomy":"product_cat","embeddable":true,"href":"https:\/\/www.printings-n.com\/it\/wp-json\/wp\/v2\/product_cat?post=3388"},{"taxonomy":"product_tag","embeddable":true,"href":"https:\/\/www.printings-n.com\/it\/wp-json\/wp\/v2\/product_tag?post=3388"}],"curies":[{"name":"wp","href":"https:\/\/api.w.org\/{rel}","templated":true}]}}