{"id":3381,"date":"2024-11-30T23:04:50","date_gmt":"2024-11-30T23:04:50","guid":{"rendered":"https:\/\/www.printings-n.com\/produit\/sweat-a-capuche-zippe-homme-awdisjh050\/"},"modified":"2024-11-30T23:04:50","modified_gmt":"2024-11-30T23:04:50","slug":"felpa-con-cappuccio-da-uomo-con-zip-awdisjh050","status":"publish","type":"product","link":"https:\/\/www.printings-n.com\/it\/prodotto\/felpa-con-cappuccio-da-uomo-con-zip-awdisjh050\/","title":{"rendered":"Felpa da uomo con cappuccio e zip"},"content":{"rendered":"<p>Siete alla ricerca di una felpa con cappuccio personalizzabile e di tendenza? Realizzata in cotone e poliestere, \u00e8 resistente e confortevole.  Disponibile in un'ampia gamma di colori, troverete sicuramente quello che fa per voi. Potete ordinare facilmente la vostra felpa con cappuccio a partire da un singolo pezzo! Le felpe con cappuccio offrono un ottimo rapporto qualit\u00e0-prezzo. Avete bisogno delle vostre felpe con cappuccio nel pi\u00f9 breve tempo possibile? Nessun problema, queste felpe con cappuccio sono disponibili con consegna rapida!<br \/>\n&lt;br&gt;&lt;br&gt;<br \/>\nNota: in caso di forte domanda, le nostre scorte possono variare. In caso di carenza di scorte, sceglieremo l'alternativa pi\u00f9 vicina a voi, con grandi similitudini di qualit\u00e0, taglia e vestibilit\u00e0. Possono verificarsi solo lievi variazioni nel colore e nel marchio.<\/p>","protected":false},"excerpt":{"rendered":"<p>\u00cates-vous \u00e0 la recherche d&#039;un sweat \u00e0 capuche zipp\u00e9 personnalisable et tendence ? Fabriqu\u00e9 \u00e0 partir de coton et de polyester, il est durable et confortable. Disponible dans une large gamme de couleurs, vous \u00eates s\u00fbr de trouver ce dont vous avez besoin. Vous pouvez commander votre sweat \u00e0 capuche facilement \u00e0 partir d&#039;une seule [&hellip;]<\/p>\n","protected":false},"featured_media":3382,"comment_status":"open","ping_status":"closed","template":"","meta":[],"product_brand":[],"product_cat":[84],"product_tag":[],"class_list":{"0":"post-3381","1":"product","2":"type-product","3":"status-publish","4":"has-post-thumbnail","6":"product_cat-sweatshirts-a-capuche-et-pulls","8":"first","9":"instock","10":"taxable","11":"shipping-taxable","12":"product-type-simple"},"_links":{"self":[{"href":"https:\/\/www.printings-n.com\/it\/wp-json\/wp\/v2\/product\/3381","targetHints":{"allow":["GET"]}}],"collection":[{"href":"https:\/\/www.printings-n.com\/it\/wp-json\/wp\/v2\/product"}],"about":[{"href":"https:\/\/www.printings-n.com\/it\/wp-json\/wp\/v2\/types\/product"}],"replies":[{"embeddable":true,"href":"https:\/\/www.printings-n.com\/it\/wp-json\/wp\/v2\/comments?post=3381"}],"wp:featuredmedia":[{"embeddable":true,"href":"https:\/\/www.printings-n.com\/it\/wp-json\/wp\/v2\/media\/3382"}],"wp:attachment":[{"href":"https:\/\/www.printings-n.com\/it\/wp-json\/wp\/v2\/media?parent=3381"}],"wp:term":[{"taxonomy":"product_brand","embeddable":true,"href":"https:\/\/www.printings-n.com\/it\/wp-json\/wp\/v2\/product_brand?post=3381"},{"taxonomy":"product_cat","embeddable":true,"href":"https:\/\/www.printings-n.com\/it\/wp-json\/wp\/v2\/product_cat?post=3381"},{"taxonomy":"product_tag","embeddable":true,"href":"https:\/\/www.printings-n.com\/it\/wp-json\/wp\/v2\/product_tag?post=3381"}],"curies":[{"name":"wp","href":"https:\/\/api.w.org\/{rel}","templated":true}]}}