{"id":3213,"date":"2024-11-30T22:57:56","date_gmt":"2024-11-30T22:57:56","guid":{"rendered":"https:\/\/www.printings-n.com\/produit\/t-shirt-reflechissant-haute-visibilite-tricorp-tricorptshirtrwsbirdseye\/"},"modified":"2024-11-30T22:57:57","modified_gmt":"2024-11-30T22:57:57","slug":"t-shirt-riflettente-ad-alta-visibilita-tricorp-tricorptshirtrwsbirdseye","status":"publish","type":"product","link":"https:\/\/www.printings-n.com\/it\/prodotto\/t-shirt-riflettente-ad-alta-visibilita-tricorp-tricorptshirtrwsbirdseye\/","title":{"rendered":"Maglietta riflettente ad alta visibilit\u00e0 Tricorp"},"content":{"rendered":"<p>Avec T-shirt r\u00e9fl\u00e9chissant Haute visibilit\u00e9 Tricorp, non seulement vous et vos employ\u00e9s serez visibles, mais aussi votre marque ! Ce t-shirt r\u00e9fl\u00e9chissant est fabriqu\u00e9 \u00e0 partir d&#039;un mat\u00e9riau respirant CoolDry et poss\u00e8de un indice de protection UV de 40+, ce qui le rend id\u00e9al pour travailler \u00e0 l&#039;ext\u00e9rieur. Disponible en deux couleurs fluo et avec des bandes r\u00e9fl\u00e9chissantes assurant la s\u00e9curit\u00e9, c&#039;est le meilleur moyen de se sentir \u00e0 l&#039;aise, au frais et en s\u00e9curit\u00e9 ! La visibilit\u00e9 au service de la s\u00e9curit\u00e9 ! Le T-shirt r\u00e9fl\u00e9chissant Haute visibilit\u00e9 Tricorp est imprim\u00e9 en quadrichromie.<br \/>\n&lt;br&gt;&lt;br&gt;<br \/>\nCompl\u00e9tez votre collection de v\u00eatements de travail avec les v\u00eatements de travail adapt\u00e9s de Tricorp sur [site_name] !<\/p>\n","protected":false},"excerpt":{"rendered":"<p>Avec T-shirt r\u00e9fl\u00e9chissant Haute visibilit\u00e9 Tricorp, non seulement vous et vos employ\u00e9s serez visibles, mais aussi votre marque ! Ce t-shirt r\u00e9fl\u00e9chissant est fabriqu\u00e9 \u00e0 partir d&#039;un mat\u00e9riau respirant CoolDry et poss\u00e8de un indice de protection UV de 40+, ce qui le rend id\u00e9al pour travailler \u00e0 l&#039;ext\u00e9rieur. Disponible en deux couleurs fluo et avec [&hellip;]<\/p>\n","protected":false},"featured_media":3214,"comment_status":"open","ping_status":"closed","template":"","meta":[],"product_brand":[],"product_cat":[81],"product_tag":[],"class_list":{"0":"post-3213","1":"product","2":"type-product","3":"status-publish","4":"has-post-thumbnail","6":"product_cat-vetements-de-travail","8":"first","9":"instock","10":"taxable","11":"shipping-taxable","12":"product-type-simple"},"_links":{"self":[{"href":"https:\/\/www.printings-n.com\/it\/wp-json\/wp\/v2\/product\/3213","targetHints":{"allow":["GET"]}}],"collection":[{"href":"https:\/\/www.printings-n.com\/it\/wp-json\/wp\/v2\/product"}],"about":[{"href":"https:\/\/www.printings-n.com\/it\/wp-json\/wp\/v2\/types\/product"}],"replies":[{"embeddable":true,"href":"https:\/\/www.printings-n.com\/it\/wp-json\/wp\/v2\/comments?post=3213"}],"wp:featuredmedia":[{"embeddable":true,"href":"https:\/\/www.printings-n.com\/it\/wp-json\/wp\/v2\/media\/3214"}],"wp:attachment":[{"href":"https:\/\/www.printings-n.com\/it\/wp-json\/wp\/v2\/media?parent=3213"}],"wp:term":[{"taxonomy":"product_brand","embeddable":true,"href":"https:\/\/www.printings-n.com\/it\/wp-json\/wp\/v2\/product_brand?post=3213"},{"taxonomy":"product_cat","embeddable":true,"href":"https:\/\/www.printings-n.com\/it\/wp-json\/wp\/v2\/product_cat?post=3213"},{"taxonomy":"product_tag","embeddable":true,"href":"https:\/\/www.printings-n.com\/it\/wp-json\/wp\/v2\/product_tag?post=3213"}],"curies":[{"name":"wp","href":"https:\/\/api.w.org\/{rel}","templated":true}]}}