{"id":3195,"date":"2024-11-30T22:57:18","date_gmt":"2024-11-30T22:57:18","guid":{"rendered":"https:\/\/www.printings-n.com\/produit\/polo-a-manches-longues-tricorp-avec-poche-tricorppolosweaterbicolorborstzak\/"},"modified":"2024-11-30T22:57:19","modified_gmt":"2024-11-30T22:57:19","slug":"polo-a-manches-longues-tricorp-avec-poche-tricorppolosweaterbicolorborstzak","status":"publish","type":"product","link":"https:\/\/www.printings-n.com\/it\/prodotto\/polo-a-manches-longues-tricorp-avec-poche-tricorppolosweaterbicolorborstzak\/","title":{"rendered":"Polo Tricorp a maniche lunghe con taschino"},"content":{"rendered":"<p>Rester au chaud, se sentir \u00e0 l&#039;aise et avoir l&#039;air \u00e9l\u00e9gant sont les choses les plus importantes au travail. Avec le Polo \u00e0 manches longues Tricorp avec poche vous pouvez combiner toutes ces choses ensemble. Ce polo bicolore est dot\u00e9 d&#039;un tissu int\u00e9rieur rugueux pour plus de confort et d&#039;une poche \u00e0 la poitrine pratique. Le polo \u00e0 manches longues a \u00e9galement un ourlet \u00e9lastique en bas pour prot\u00e9ger du vent, ce qui le rend parfait pour le travail en ext\u00e9rieur comme le jardinage, la logistique ou la construction. Le Polo \u00e0 manches longues Tricorp avec poche est imprim\u00e9 en quadrichromie.<br \/>\n&lt;br&gt;&lt;br&gt;<br \/>\nCompl\u00e9tez votre collection de v\u00eatements de travail avec les v\u00eatements de travail adapt\u00e9s de Tricorp sur [site_name] !<\/p>\n","protected":false},"excerpt":{"rendered":"<p>Rester au chaud, se sentir \u00e0 l&#039;aise et avoir l&#039;air \u00e9l\u00e9gant sont les choses les plus importantes au travail. Avec le Polo \u00e0 manches longues Tricorp avec poche vous pouvez combiner toutes ces choses ensemble. Ce polo bicolore est dot\u00e9 d&#039;un tissu int\u00e9rieur rugueux pour plus de confort et d&#039;une poche \u00e0 la poitrine pratique. [&hellip;]<\/p>\n","protected":false},"featured_media":3196,"comment_status":"open","ping_status":"closed","template":"","meta":[],"product_brand":[],"product_cat":[81],"product_tag":[],"class_list":{"0":"post-3195","1":"product","2":"type-product","3":"status-publish","4":"has-post-thumbnail","6":"product_cat-vetements-de-travail","8":"first","9":"instock","10":"taxable","11":"shipping-taxable","12":"product-type-simple"},"_links":{"self":[{"href":"https:\/\/www.printings-n.com\/it\/wp-json\/wp\/v2\/product\/3195","targetHints":{"allow":["GET"]}}],"collection":[{"href":"https:\/\/www.printings-n.com\/it\/wp-json\/wp\/v2\/product"}],"about":[{"href":"https:\/\/www.printings-n.com\/it\/wp-json\/wp\/v2\/types\/product"}],"replies":[{"embeddable":true,"href":"https:\/\/www.printings-n.com\/it\/wp-json\/wp\/v2\/comments?post=3195"}],"wp:featuredmedia":[{"embeddable":true,"href":"https:\/\/www.printings-n.com\/it\/wp-json\/wp\/v2\/media\/3196"}],"wp:attachment":[{"href":"https:\/\/www.printings-n.com\/it\/wp-json\/wp\/v2\/media?parent=3195"}],"wp:term":[{"taxonomy":"product_brand","embeddable":true,"href":"https:\/\/www.printings-n.com\/it\/wp-json\/wp\/v2\/product_brand?post=3195"},{"taxonomy":"product_cat","embeddable":true,"href":"https:\/\/www.printings-n.com\/it\/wp-json\/wp\/v2\/product_cat?post=3195"},{"taxonomy":"product_tag","embeddable":true,"href":"https:\/\/www.printings-n.com\/it\/wp-json\/wp\/v2\/product_tag?post=3195"}],"curies":[{"name":"wp","href":"https:\/\/api.w.org\/{rel}","templated":true}]}}