{"id":3190,"date":"2024-11-30T22:57:07","date_gmt":"2024-11-30T22:57:07","guid":{"rendered":"https:\/\/www.printings-n.com\/produit\/veste-tricorp-100-polyester-recycle-tricorpsoftshellluxerewear\/"},"modified":"2024-11-30T22:57:08","modified_gmt":"2024-11-30T22:57:08","slug":"veste-tricorp-100-polyester-recycle-tricorpsoftshellluxerewear","status":"publish","type":"product","link":"https:\/\/www.printings-n.com\/it\/prodotto\/veste-tricorp-100-polyester-recycle-tricorpsoftshellluxerewear\/","title":{"rendered":"Tricorp 100% giacca in poliestere riciclato"},"content":{"rendered":"<p>La durabilit\u00e9 est une valeur d&#039;entreprise de plus en plus importante et pourquoi ne pas porter cette valeur tous les jours ? Le Veste Tricorp 100% polyester recycl\u00e9 est fabriqu\u00e9 \u00e0 partir de 100% de polyester recycl\u00e9 et avec des mat\u00e9riaux \u00e9lastiques pour plus de confort et de libert\u00e9 de mouvement. La sensation luxueuse est compl\u00e9t\u00e9e par une fermeture \u00e9clair lamin\u00e9e et un passepoil r\u00e9fl\u00e9chissant sur la poitrine. La veste est \u00e9galement r\u00e9sistante \u00e0 l&#039;eau, dispose d&#039;une couche interm\u00e9diaire respirante, de multiples poches et d&#039;un \u00e9lastique et d&#039;un velcro r\u00e9glables au bas et aux poignets, ce qui en fait l&#039;une des meilleures vestes de travail du march\u00e9. Le Veste Tricorp 100% polyester recycl\u00e9 est imprim\u00e9 en quadrichromie.<br \/>\n&lt;br&gt;&lt;br&gt;<br \/>\nCompl\u00e9tez votre collection de v\u00eatements de travail avec les v\u00eatements de travail adapt\u00e9s de Tricorp sur [site_name] !<\/p>\n","protected":false},"excerpt":{"rendered":"<p>La durabilit\u00e9 est une valeur d&#039;entreprise de plus en plus importante et pourquoi ne pas porter cette valeur tous les jours ? Le Veste Tricorp 100% polyester recycl\u00e9 est fabriqu\u00e9 \u00e0 partir de 100% de polyester recycl\u00e9 et avec des mat\u00e9riaux \u00e9lastiques pour plus de confort et de libert\u00e9 de mouvement. La sensation luxueuse est [&hellip;]<\/p>\n","protected":false},"featured_media":3191,"comment_status":"open","ping_status":"closed","template":"","meta":[],"product_brand":[],"product_cat":[81],"product_tag":[],"class_list":{"0":"post-3190","1":"product","2":"type-product","3":"status-publish","4":"has-post-thumbnail","6":"product_cat-vetements-de-travail","8":"first","9":"instock","10":"taxable","11":"shipping-taxable","12":"product-type-simple"},"_links":{"self":[{"href":"https:\/\/www.printings-n.com\/it\/wp-json\/wp\/v2\/product\/3190","targetHints":{"allow":["GET"]}}],"collection":[{"href":"https:\/\/www.printings-n.com\/it\/wp-json\/wp\/v2\/product"}],"about":[{"href":"https:\/\/www.printings-n.com\/it\/wp-json\/wp\/v2\/types\/product"}],"replies":[{"embeddable":true,"href":"https:\/\/www.printings-n.com\/it\/wp-json\/wp\/v2\/comments?post=3190"}],"wp:featuredmedia":[{"embeddable":true,"href":"https:\/\/www.printings-n.com\/it\/wp-json\/wp\/v2\/media\/3191"}],"wp:attachment":[{"href":"https:\/\/www.printings-n.com\/it\/wp-json\/wp\/v2\/media?parent=3190"}],"wp:term":[{"taxonomy":"product_brand","embeddable":true,"href":"https:\/\/www.printings-n.com\/it\/wp-json\/wp\/v2\/product_brand?post=3190"},{"taxonomy":"product_cat","embeddable":true,"href":"https:\/\/www.printings-n.com\/it\/wp-json\/wp\/v2\/product_cat?post=3190"},{"taxonomy":"product_tag","embeddable":true,"href":"https:\/\/www.printings-n.com\/it\/wp-json\/wp\/v2\/product_tag?post=3190"}],"curies":[{"name":"wp","href":"https:\/\/api.w.org\/{rel}","templated":true}]}}