{"id":3182,"date":"2024-11-30T22:56:47","date_gmt":"2024-11-30T22:56:47","guid":{"rendered":"https:\/\/www.printings-n.com\/produit\/chauffe-corps-tricorp-tricorpbodywarmer\/"},"modified":"2024-11-30T22:56:48","modified_gmt":"2024-11-30T22:56:48","slug":"scaldacorpo-tricorp-scaldacorpo-tricorp","status":"publish","type":"product","link":"https:\/\/www.printings-n.com\/it\/prodotto\/scaldacorpo-tricorp-scaldacorpo-tricorp\/","title":{"rendered":"Scaldacorpo Tricorp"},"content":{"rendered":"<p>Le Chauffe-corps Tricorp a une coupe classique avec une large bande dans le dos qui permet de couvrir le dos de votre employ\u00e9 lorsqu&#039;il se penche pendant ses t\u00e2ches. Il y a 6 poches \u00e0 l&#039;avant et 2 poches \u00e0 l&#039;int\u00e9rieur, dont une est adapt\u00e9e aux t\u00e9l\u00e9phones portables. Imprimez ou brodez votre logo pour compl\u00e9ter le look.<br \/>\n&lt;br&gt;&lt;br&gt;<br \/>\nCompl\u00e9tez votre collection de v\u00eatements de travail avec les v\u00eatements adapt\u00e9s de Tricorp chez [site_name] !<\/p>\n","protected":false},"excerpt":{"rendered":"<p>Le Chauffe-corps Tricorp a une coupe classique avec une large bande dans le dos qui permet de couvrir le dos de votre employ\u00e9 lorsqu&#039;il se penche pendant ses t\u00e2ches. Il y a 6 poches \u00e0 l&#039;avant et 2 poches \u00e0 l&#039;int\u00e9rieur, dont une est adapt\u00e9e aux t\u00e9l\u00e9phones portables. Imprimez ou brodez votre logo pour compl\u00e9ter [&hellip;]<\/p>\n","protected":false},"featured_media":3183,"comment_status":"open","ping_status":"closed","template":"","meta":[],"product_brand":[],"product_cat":[81],"product_tag":[],"class_list":{"0":"post-3182","1":"product","2":"type-product","3":"status-publish","4":"has-post-thumbnail","6":"product_cat-vetements-de-travail","8":"first","9":"instock","10":"taxable","11":"shipping-taxable","12":"product-type-simple"},"_links":{"self":[{"href":"https:\/\/www.printings-n.com\/it\/wp-json\/wp\/v2\/product\/3182","targetHints":{"allow":["GET"]}}],"collection":[{"href":"https:\/\/www.printings-n.com\/it\/wp-json\/wp\/v2\/product"}],"about":[{"href":"https:\/\/www.printings-n.com\/it\/wp-json\/wp\/v2\/types\/product"}],"replies":[{"embeddable":true,"href":"https:\/\/www.printings-n.com\/it\/wp-json\/wp\/v2\/comments?post=3182"}],"wp:featuredmedia":[{"embeddable":true,"href":"https:\/\/www.printings-n.com\/it\/wp-json\/wp\/v2\/media\/3183"}],"wp:attachment":[{"href":"https:\/\/www.printings-n.com\/it\/wp-json\/wp\/v2\/media?parent=3182"}],"wp:term":[{"taxonomy":"product_brand","embeddable":true,"href":"https:\/\/www.printings-n.com\/it\/wp-json\/wp\/v2\/product_brand?post=3182"},{"taxonomy":"product_cat","embeddable":true,"href":"https:\/\/www.printings-n.com\/it\/wp-json\/wp\/v2\/product_cat?post=3182"},{"taxonomy":"product_tag","embeddable":true,"href":"https:\/\/www.printings-n.com\/it\/wp-json\/wp\/v2\/product_tag?post=3182"}],"curies":[{"name":"wp","href":"https:\/\/api.w.org\/{rel}","templated":true}]}}