{"id":3119,"date":"2024-11-30T22:54:07","date_gmt":"2024-11-30T22:54:07","guid":{"rendered":"https:\/\/www.printings-n.com\/produit\/carnet-de-notes-a6-en-carton-avec-stylo-a-bille-cardboardnotebooka6withballpoint\/"},"modified":"2024-11-30T22:54:08","modified_gmt":"2024-11-30T22:54:08","slug":"taccuino-in-cartoncino-a6-con-biro-taccuino-in-cartoncino-a6-con-punta-a-sfera","status":"publish","type":"product","link":"https:\/\/www.printings-n.com\/it\/prodotto\/taccuino-in-cartoncino-a6-con-biro-taccuino-in-cartoncino-a6-con-punta-a-sfera\/","title":{"rendered":"Taccuino in cartone A6 con biro"},"content":{"rendered":"[site_name]&#039;s Carnet de notes A6 en carton avec stylo \u00e0 bille est parfait pour tout type de notes ! Gr\u00e2ce \u00e0 sa taille et son style tr\u00e8s pratiques, le carnet peut \u00eatre facilement transport\u00e9 avec vous partout o\u00f9 vous allez. Imprimez votre logo ou votre design personnalis\u00e9 sur la couverture en carton et profitez de l&#039;attention que ce carnet suscite.<\/p>\n","protected":false},"excerpt":{"rendered":"<p>[site_name]&#039;s Carnet de notes A6 en carton avec stylo \u00e0 bille est parfait pour tout type de notes ! Gr\u00e2ce \u00e0 sa taille et son style tr\u00e8s pratiques, le carnet peut \u00eatre facilement transport\u00e9 avec vous partout o\u00f9 vous allez. Imprimez votre logo ou votre design personnalis\u00e9 sur la couverture en carton et profitez de [&hellip;]<\/p>\n","protected":false},"featured_media":3120,"comment_status":"open","ping_status":"closed","template":"","meta":[],"product_brand":[],"product_cat":[78],"product_tag":[],"class_list":{"0":"post-3119","1":"product","2":"type-product","3":"status-publish","4":"has-post-thumbnail","6":"product_cat-papeterie","8":"first","9":"instock","10":"taxable","11":"shipping-taxable","12":"product-type-simple"},"_links":{"self":[{"href":"https:\/\/www.printings-n.com\/it\/wp-json\/wp\/v2\/product\/3119","targetHints":{"allow":["GET"]}}],"collection":[{"href":"https:\/\/www.printings-n.com\/it\/wp-json\/wp\/v2\/product"}],"about":[{"href":"https:\/\/www.printings-n.com\/it\/wp-json\/wp\/v2\/types\/product"}],"replies":[{"embeddable":true,"href":"https:\/\/www.printings-n.com\/it\/wp-json\/wp\/v2\/comments?post=3119"}],"wp:featuredmedia":[{"embeddable":true,"href":"https:\/\/www.printings-n.com\/it\/wp-json\/wp\/v2\/media\/3120"}],"wp:attachment":[{"href":"https:\/\/www.printings-n.com\/it\/wp-json\/wp\/v2\/media?parent=3119"}],"wp:term":[{"taxonomy":"product_brand","embeddable":true,"href":"https:\/\/www.printings-n.com\/it\/wp-json\/wp\/v2\/product_brand?post=3119"},{"taxonomy":"product_cat","embeddable":true,"href":"https:\/\/www.printings-n.com\/it\/wp-json\/wp\/v2\/product_cat?post=3119"},{"taxonomy":"product_tag","embeddable":true,"href":"https:\/\/www.printings-n.com\/it\/wp-json\/wp\/v2\/product_tag?post=3119"}],"curies":[{"name":"wp","href":"https:\/\/api.w.org\/{rel}","templated":true}]}}