{"id":3117,"date":"2024-11-30T22:53:59","date_gmt":"2024-11-30T22:53:59","guid":{"rendered":"https:\/\/www.printings-n.com\/produit\/carnets-autocopiants-ncrpads\/"},"modified":"2024-11-30T22:54:00","modified_gmt":"2024-11-30T22:54:00","slug":"quaderni-autocopianti-ncrpads","status":"publish","type":"product","link":"https:\/\/www.printings-n.com\/it\/prodotto\/quaderni-autocopianti-ncrpads\/","title":{"rendered":"Quaderni senza carta carbone"},"content":{"rendered":"<p>Spesso utilizzati per duplicare fatture, dettagli di ordini o prendere appunti, i taccuini autocopianti consentono di riprodurre tutto ci\u00f2 che si scrive su pi\u00f9 copie alla volta. I fogli di copia sono stampati di serie con il vostro disegno in nero. Create i vostri quaderni autocopianti con 25 o 50 set e scegliete tra i formati A6, A5 e A4. Il modo ideale per risparmiare tempo!<br \/>\n&lt;br&gt;&lt;\/br&gt;<br \/>\nNota: se lo sfondo della vostra immagine \u00e8 a colori, verr\u00e0 stampato in grigio sulla seconda pagina. Se si desidera che vengano stampate linee\/tabelle, \u00e8 necessario aggiungerle al proprio visual\/design.<\/p>","protected":false},"excerpt":{"rendered":"<p>Souvent utilis\u00e9s pour dupliquer des factures, les d\u00e9tails d&#039;une commande ou pour prendre des notes, les Carnets autocopiants permettent de reproduire tout ce que vous \u00e9crivez sur plusieurs copies \u00e0 la fois. Les feuilles de copies sont imprim\u00e9es en standard avec votre dessin en noir. Cr\u00e9ez vos Carnets autocopiants avec 25 ou 50 sets et [&hellip;]<\/p>\n","protected":false},"featured_media":3118,"comment_status":"open","ping_status":"closed","template":"","meta":[],"product_brand":[],"product_cat":[78],"product_tag":[],"class_list":{"0":"post-3117","1":"product","2":"type-product","3":"status-publish","4":"has-post-thumbnail","6":"product_cat-papeterie","8":"first","9":"instock","10":"taxable","11":"shipping-taxable","12":"product-type-simple"},"_links":{"self":[{"href":"https:\/\/www.printings-n.com\/it\/wp-json\/wp\/v2\/product\/3117","targetHints":{"allow":["GET"]}}],"collection":[{"href":"https:\/\/www.printings-n.com\/it\/wp-json\/wp\/v2\/product"}],"about":[{"href":"https:\/\/www.printings-n.com\/it\/wp-json\/wp\/v2\/types\/product"}],"replies":[{"embeddable":true,"href":"https:\/\/www.printings-n.com\/it\/wp-json\/wp\/v2\/comments?post=3117"}],"wp:featuredmedia":[{"embeddable":true,"href":"https:\/\/www.printings-n.com\/it\/wp-json\/wp\/v2\/media\/3118"}],"wp:attachment":[{"href":"https:\/\/www.printings-n.com\/it\/wp-json\/wp\/v2\/media?parent=3117"}],"wp:term":[{"taxonomy":"product_brand","embeddable":true,"href":"https:\/\/www.printings-n.com\/it\/wp-json\/wp\/v2\/product_brand?post=3117"},{"taxonomy":"product_cat","embeddable":true,"href":"https:\/\/www.printings-n.com\/it\/wp-json\/wp\/v2\/product_cat?post=3117"},{"taxonomy":"product_tag","embeddable":true,"href":"https:\/\/www.printings-n.com\/it\/wp-json\/wp\/v2\/product_tag?post=3117"}],"curies":[{"name":"wp","href":"https:\/\/api.w.org\/{rel}","templated":true}]}}