{"id":3113,"date":"2024-11-30T22:53:44","date_gmt":"2024-11-30T22:53:44","guid":{"rendered":"https:\/\/www.printings-n.com\/produit\/lettres-a-en-tete-letterheads\/"},"modified":"2024-11-30T22:53:45","modified_gmt":"2024-11-30T22:53:45","slug":"lettere-a-en-tete-carta-intestata","status":"publish","type":"product","link":"https:\/\/www.printings-n.com\/it\/prodotto\/lettere-a-en-tete-carta-intestata\/","title":{"rendered":"Carta intestata"},"content":{"rendered":"<p>Vous avez besoin de papier en-t\u00eate personnalisable d&#039;excellente qualit\u00e9 pour votre entreprise ? Les papiers \u00e0 en-t\u00eate en quadri d&#039;[site_name] sont imprim\u00e9s en haute qualit\u00e9 sur quatre types de papier au choix. Envoyez vos lettres avec votre logo et vos coordonn\u00e9es pr\u00e9-imprim\u00e9s, vous augmenterez ainsi votre notori\u00e9t\u00e9 de marque sans effort. Donnez une apparence professionnelle \u00e0 vos contrats ou vos lettres avec ce papier \u00e0 en-t\u00eate. Besoin de lettres \u00e0 en-t\u00eate diff\u00e9rentes ? Demandez-nous un devis !<\/p>\n","protected":false},"excerpt":{"rendered":"<p>Vous avez besoin de papier en-t\u00eate personnalisable d&#039;excellente qualit\u00e9 pour votre entreprise ? Les papiers \u00e0 en-t\u00eate en quadri d&#039;[site_name] sont imprim\u00e9s en haute qualit\u00e9 sur quatre types de papier au choix. Envoyez vos lettres avec votre logo et vos coordonn\u00e9es pr\u00e9-imprim\u00e9s, vous augmenterez ainsi votre notori\u00e9t\u00e9 de marque sans effort. Donnez une apparence professionnelle [&hellip;]<\/p>\n","protected":false},"featured_media":3114,"comment_status":"open","ping_status":"closed","template":"","meta":[],"product_brand":[],"product_cat":[78],"product_tag":[],"class_list":{"0":"post-3113","1":"product","2":"type-product","3":"status-publish","4":"has-post-thumbnail","6":"product_cat-papeterie","8":"first","9":"instock","10":"taxable","11":"shipping-taxable","12":"product-type-simple"},"_links":{"self":[{"href":"https:\/\/www.printings-n.com\/it\/wp-json\/wp\/v2\/product\/3113","targetHints":{"allow":["GET"]}}],"collection":[{"href":"https:\/\/www.printings-n.com\/it\/wp-json\/wp\/v2\/product"}],"about":[{"href":"https:\/\/www.printings-n.com\/it\/wp-json\/wp\/v2\/types\/product"}],"replies":[{"embeddable":true,"href":"https:\/\/www.printings-n.com\/it\/wp-json\/wp\/v2\/comments?post=3113"}],"wp:featuredmedia":[{"embeddable":true,"href":"https:\/\/www.printings-n.com\/it\/wp-json\/wp\/v2\/media\/3114"}],"wp:attachment":[{"href":"https:\/\/www.printings-n.com\/it\/wp-json\/wp\/v2\/media?parent=3113"}],"wp:term":[{"taxonomy":"product_brand","embeddable":true,"href":"https:\/\/www.printings-n.com\/it\/wp-json\/wp\/v2\/product_brand?post=3113"},{"taxonomy":"product_cat","embeddable":true,"href":"https:\/\/www.printings-n.com\/it\/wp-json\/wp\/v2\/product_cat?post=3113"},{"taxonomy":"product_tag","embeddable":true,"href":"https:\/\/www.printings-n.com\/it\/wp-json\/wp\/v2\/product_tag?post=3113"}],"curies":[{"name":"wp","href":"https:\/\/api.w.org\/{rel}","templated":true}]}}