{"id":3103,"date":"2024-11-30T22:53:31","date_gmt":"2024-11-30T22:53:31","guid":{"rendered":"https:\/\/www.printings-n.com\/produit\/enveloppes-recyclees-envelopesrecycled\/"},"modified":"2024-11-30T22:53:32","modified_gmt":"2024-11-30T22:53:32","slug":"buste-riciclate-bustericiclate","status":"publish","type":"product","link":"https:\/\/www.printings-n.com\/it\/prodotto\/buste-riciclate-bustericiclate\/","title":{"rendered":"Buste riciclate"},"content":{"rendered":"<p>Queste buste ecologiche sono prodotte interamente con carta da macero raccolta. La carta viene poi sbiancata naturalmente senza cloro o sbiancanti ottici. Anche la finestra dell'indirizzo \u00e8 biodegradabile. Potete anche scegliere la chiusura, optando per una striscia autoadesiva o per il modo pi\u00f9 tradizionale con un sigillo gommato. Personalizzate la busta con il vostro logo o marchio.<br \/>\n&lt;br&gt;&lt;br&gt;<br \/>\nNota: questo materiale \u00e8 trattato senza l'uso di cloro o agenti sbiancanti, quindi ha un colore bianco naturale. Ci\u00f2 significa che, invece di avere un aspetto bianco brillante che pu\u00f2 essere riprodotto solo con un processo di sbiancamento, ha una tonalit\u00e0 di bianco pi\u00f9 morbida e sottile.<\/p>","protected":false},"excerpt":{"rendered":"<p>Ces enveloppes \u00e9cologiques sont produites enti\u00e8rement \u00e0 partir de vieux papiers collect\u00e9s. Le papier est ensuite blanchi de mani\u00e8re naturelle sans chlore ni azurants optiques. La fen\u00eatre d&#039;adresse est \u00e9galement biod\u00e9gradable. Vous pouvez m\u00eame choisir votre fermeture, opter pour une bande auto-adh\u00e9sive ou la mani\u00e8re plus traditionnelle avec un cachet gomm\u00e9. Personnalisez l&#039;enveloppe avec votre [&hellip;]<\/p>\n","protected":false},"featured_media":3104,"comment_status":"open","ping_status":"closed","template":"","meta":[],"product_brand":[],"product_cat":[78],"product_tag":[],"class_list":{"0":"post-3103","1":"product","2":"type-product","3":"status-publish","4":"has-post-thumbnail","6":"product_cat-papeterie","8":"first","9":"instock","10":"taxable","11":"shipping-taxable","12":"product-type-simple"},"_links":{"self":[{"href":"https:\/\/www.printings-n.com\/it\/wp-json\/wp\/v2\/product\/3103","targetHints":{"allow":["GET"]}}],"collection":[{"href":"https:\/\/www.printings-n.com\/it\/wp-json\/wp\/v2\/product"}],"about":[{"href":"https:\/\/www.printings-n.com\/it\/wp-json\/wp\/v2\/types\/product"}],"replies":[{"embeddable":true,"href":"https:\/\/www.printings-n.com\/it\/wp-json\/wp\/v2\/comments?post=3103"}],"wp:featuredmedia":[{"embeddable":true,"href":"https:\/\/www.printings-n.com\/it\/wp-json\/wp\/v2\/media\/3104"}],"wp:attachment":[{"href":"https:\/\/www.printings-n.com\/it\/wp-json\/wp\/v2\/media?parent=3103"}],"wp:term":[{"taxonomy":"product_brand","embeddable":true,"href":"https:\/\/www.printings-n.com\/it\/wp-json\/wp\/v2\/product_brand?post=3103"},{"taxonomy":"product_cat","embeddable":true,"href":"https:\/\/www.printings-n.com\/it\/wp-json\/wp\/v2\/product_cat?post=3103"},{"taxonomy":"product_tag","embeddable":true,"href":"https:\/\/www.printings-n.com\/it\/wp-json\/wp\/v2\/product_tag?post=3103"}],"curies":[{"name":"wp","href":"https:\/\/api.w.org\/{rel}","templated":true}]}}