{"id":3076,"date":"2024-11-30T22:51:42","date_gmt":"2024-11-30T22:51:42","guid":{"rendered":"https:\/\/www.printings-n.com\/produit\/brochures-a-dos-carre-colle-perfectboundbrochures2\/"},"modified":"2024-11-30T22:51:44","modified_gmt":"2024-11-30T22:51:44","slug":"opuscoli-a-dorso-quadrato-opuscoli-a-dorso-perfetto2","status":"publish","type":"product","link":"https:\/\/www.printings-n.com\/it\/prodotto\/opuscoli-a-dorso-quadrato-opuscoli-a-dorso-perfetto2\/","title":{"rendered":"Brochure incollate a dorso quadrato"},"content":{"rendered":"<p>La rilegatura a dorso quadrato incollato offre una copertina flessibile e altamente resistente. Le brochure sono incollate al dorso, garantendo una finitura di alta qualit\u00e0 e una facile rotazione delle pagine. Vengono utilizzati principalmente come cataloghi e relazioni di vendita. Questi opuscoli sono fatti per durare e possono essere stampati fino a 396 pagine, a seconda del formato e della grammatura della carta!<br \/>\n&lt;br&gt;&lt;br&gt;<br \/>\nCercate qualcos'altro? Scoprite la nostra gamma completa di opuscoli, brochure e cataloghi stampati!<\/p>","protected":false},"excerpt":{"rendered":"<p>La reliure dos carr\u00e9 coll\u00e9 offre une couverture souple et tr\u00e8s r\u00e9sistante. Les brochures sont encoll\u00e9es au dos, assurant ainsi un rendu de haute qualit\u00e9 et permet de tourner les pages facilement. Elles sont principalement utilis\u00e9es comme catalogue et rapports commerciaux. Ces brochures sont faites pour durer et peuvent \u00eatre imprim\u00e9es jusqu&#039;\u00e0 396 pages, dependant [&hellip;]<\/p>\n","protected":false},"featured_media":3077,"comment_status":"open","ping_status":"closed","template":"","meta":[],"product_brand":[],"product_cat":[77],"product_tag":[],"class_list":{"0":"post-3076","1":"product","2":"type-product","3":"status-publish","4":"has-post-thumbnail","6":"product_cat-brochures","8":"first","9":"instock","10":"taxable","11":"shipping-taxable","12":"product-type-simple"},"_links":{"self":[{"href":"https:\/\/www.printings-n.com\/it\/wp-json\/wp\/v2\/product\/3076","targetHints":{"allow":["GET"]}}],"collection":[{"href":"https:\/\/www.printings-n.com\/it\/wp-json\/wp\/v2\/product"}],"about":[{"href":"https:\/\/www.printings-n.com\/it\/wp-json\/wp\/v2\/types\/product"}],"replies":[{"embeddable":true,"href":"https:\/\/www.printings-n.com\/it\/wp-json\/wp\/v2\/comments?post=3076"}],"wp:featuredmedia":[{"embeddable":true,"href":"https:\/\/www.printings-n.com\/it\/wp-json\/wp\/v2\/media\/3077"}],"wp:attachment":[{"href":"https:\/\/www.printings-n.com\/it\/wp-json\/wp\/v2\/media?parent=3076"}],"wp:term":[{"taxonomy":"product_brand","embeddable":true,"href":"https:\/\/www.printings-n.com\/it\/wp-json\/wp\/v2\/product_brand?post=3076"},{"taxonomy":"product_cat","embeddable":true,"href":"https:\/\/www.printings-n.com\/it\/wp-json\/wp\/v2\/product_cat?post=3076"},{"taxonomy":"product_tag","embeddable":true,"href":"https:\/\/www.printings-n.com\/it\/wp-json\/wp\/v2\/product_tag?post=3076"}],"curies":[{"name":"wp","href":"https:\/\/api.w.org\/{rel}","templated":true}]}}