{"id":3070,"date":"2024-11-30T22:51:23","date_gmt":"2024-11-30T22:51:23","guid":{"rendered":"https:\/\/www.printings-n.com\/produit\/livres-layflat-layflathardcoverbooklets\/"},"modified":"2024-11-30T22:51:23","modified_gmt":"2024-11-30T22:51:23","slug":"libri-layflat-libretti-layflathcopertine","status":"publish","type":"product","link":"https:\/\/www.printings-n.com\/it\/prodotto\/libri-layflat-libretti-layflathcopertine\/","title":{"rendered":"Libri LayFlat"},"content":{"rendered":"<p>Se siete alla ricerca di un modo straordinario per esporre le vostre foto, non cercate altro che i nostri fotolibri LayFlat. Grazie al loro design innovativo, i nostri libri consentono di stampare foto panoramiche su due pagine intere. Il design piatto assicura che ogni dettaglio delle vostre foto sia perfettamente catturato. Con una gamma di opzioni da 24 a 200 pagine, \u00e8 possibile personalizzare facilmente il libro in base alle proprie esigenze. Ideali per foto di matrimonio, portfolio o ordini di servizio, i nostri libri LayFlat sono il modo perfetto per presentare le vostre foto in modo straordinario e memorabile.<\/p>","protected":false},"excerpt":{"rendered":"<p>Si vous \u00eates \u00e0 la recherche d&#039;une fa\u00e7on \u00e9tonnante d&#039;exposer vos photos, ne cherchez pas plus loin que nos livres photo LayFlat. Gr\u00e2ce \u00e0 leur conception innovante, nos livres permettent d&#039;imprimer des photos panoramiques sur deux pages enti\u00e8res. La conception \u00e0 plat garantit que chaque d\u00e9tail de vos photos est parfaitement captur\u00e9. Avec une gamme [&hellip;]<\/p>\n","protected":false},"featured_media":3071,"comment_status":"open","ping_status":"closed","template":"","meta":[],"product_brand":[],"product_cat":[77],"product_tag":[],"class_list":{"0":"post-3070","1":"product","2":"type-product","3":"status-publish","4":"has-post-thumbnail","6":"product_cat-brochures","8":"first","9":"instock","10":"taxable","11":"shipping-taxable","12":"product-type-simple"},"_links":{"self":[{"href":"https:\/\/www.printings-n.com\/it\/wp-json\/wp\/v2\/product\/3070","targetHints":{"allow":["GET"]}}],"collection":[{"href":"https:\/\/www.printings-n.com\/it\/wp-json\/wp\/v2\/product"}],"about":[{"href":"https:\/\/www.printings-n.com\/it\/wp-json\/wp\/v2\/types\/product"}],"replies":[{"embeddable":true,"href":"https:\/\/www.printings-n.com\/it\/wp-json\/wp\/v2\/comments?post=3070"}],"wp:featuredmedia":[{"embeddable":true,"href":"https:\/\/www.printings-n.com\/it\/wp-json\/wp\/v2\/media\/3071"}],"wp:attachment":[{"href":"https:\/\/www.printings-n.com\/it\/wp-json\/wp\/v2\/media?parent=3070"}],"wp:term":[{"taxonomy":"product_brand","embeddable":true,"href":"https:\/\/www.printings-n.com\/it\/wp-json\/wp\/v2\/product_brand?post=3070"},{"taxonomy":"product_cat","embeddable":true,"href":"https:\/\/www.printings-n.com\/it\/wp-json\/wp\/v2\/product_cat?post=3070"},{"taxonomy":"product_tag","embeddable":true,"href":"https:\/\/www.printings-n.com\/it\/wp-json\/wp\/v2\/product_tag?post=3070"}],"curies":[{"name":"wp","href":"https:\/\/api.w.org\/{rel}","templated":true}]}}