{"id":3038,"date":"2024-11-30T22:47:56","date_gmt":"2024-11-30T22:47:56","guid":{"rendered":"https:\/\/www.printings-n.com\/produit\/affiches-de-jardin-gardenposters\/"},"modified":"2024-11-30T22:47:57","modified_gmt":"2024-11-30T22:47:57","slug":"affiches-de-jardin-gardenposters","status":"publish","type":"product","link":"https:\/\/www.printings-n.com\/it\/prodotto\/affiches-de-jardin-gardenposters\/","title":{"rendered":"Poster da giardino"},"content":{"rendered":"<p>Donnez vie \u00e0 votre terrasse, \u00e0 votre balcon ou roof-top gr\u00e2ce \u00e0 un Affiches de jardin personnalis\u00e9 ! Fabriqu\u00e9es en PVC imperm\u00e9able de haute qualit\u00e9 et imprim\u00e9es avec de l&#039;encre r\u00e9sistante aux UV, vos affiches garderont leur apparence pendant longtemps, quel que soit le temps ! Utilisez-les pour pr\u00e9senter votre menu, promouvoir votre marque ou imprimer votre design personnel ! Ajoutez du peps \u00e0 votre espace ext\u00e9rieur d\u00e8s maintenant sur [site_name] ! &lt;br&gt;&lt;br&gt;<br \/>\nNote : Les affiches sont livr\u00e9es sans ourlet. Choisissez des anneaux dans chaque coin pour accrocher facilement vos affiches aux murs.<\/p>\n","protected":false},"excerpt":{"rendered":"<p>Donnez vie \u00e0 votre terrasse, \u00e0 votre balcon ou roof-top gr\u00e2ce \u00e0 un Affiches de jardin personnalis\u00e9 ! Fabriqu\u00e9es en PVC imperm\u00e9able de haute qualit\u00e9 et imprim\u00e9es avec de l&#039;encre r\u00e9sistante aux UV, vos affiches garderont leur apparence pendant longtemps, quel que soit le temps ! Utilisez-les pour pr\u00e9senter votre menu, promouvoir votre marque ou [&hellip;]<\/p>\n","protected":false},"featured_media":3039,"comment_status":"open","ping_status":"closed","template":"","meta":[],"product_brand":[],"product_cat":[75],"product_tag":[],"class_list":{"0":"post-3038","1":"product","2":"type-product","3":"status-publish","4":"has-post-thumbnail","6":"product_cat-affiches","8":"first","9":"instock","10":"taxable","11":"shipping-taxable","12":"product-type-simple"},"_links":{"self":[{"href":"https:\/\/www.printings-n.com\/it\/wp-json\/wp\/v2\/product\/3038","targetHints":{"allow":["GET"]}}],"collection":[{"href":"https:\/\/www.printings-n.com\/it\/wp-json\/wp\/v2\/product"}],"about":[{"href":"https:\/\/www.printings-n.com\/it\/wp-json\/wp\/v2\/types\/product"}],"replies":[{"embeddable":true,"href":"https:\/\/www.printings-n.com\/it\/wp-json\/wp\/v2\/comments?post=3038"}],"wp:featuredmedia":[{"embeddable":true,"href":"https:\/\/www.printings-n.com\/it\/wp-json\/wp\/v2\/media\/3039"}],"wp:attachment":[{"href":"https:\/\/www.printings-n.com\/it\/wp-json\/wp\/v2\/media?parent=3038"}],"wp:term":[{"taxonomy":"product_brand","embeddable":true,"href":"https:\/\/www.printings-n.com\/it\/wp-json\/wp\/v2\/product_brand?post=3038"},{"taxonomy":"product_cat","embeddable":true,"href":"https:\/\/www.printings-n.com\/it\/wp-json\/wp\/v2\/product_cat?post=3038"},{"taxonomy":"product_tag","embeddable":true,"href":"https:\/\/www.printings-n.com\/it\/wp-json\/wp\/v2\/product_tag?post=3038"}],"curies":[{"name":"wp","href":"https:\/\/api.w.org\/{rel}","templated":true}]}}