{"id":2947,"date":"2024-11-30T22:42:20","date_gmt":"2024-11-30T22:42:20","guid":{"rendered":"https:\/\/www.printings-n.com\/produit\/jetons-evenementiels-separables-breakcoins\/"},"modified":"2024-11-30T22:42:21","modified_gmt":"2024-11-30T22:42:21","slug":"gettoni-evento-separabili-breakcoins","status":"publish","type":"product","link":"https:\/\/www.printings-n.com\/it\/prodotto\/gettoni-evento-separabili-breakcoins\/","title":{"rendered":"Gettoni di evento separabili"},"content":{"rendered":"<p>Ces jetons sont faits sp\u00e9cialement pour r\u00e9pondre aux besoins des festivals ou autres \u00e9v\u00e9nement ! [site_name] est le sp\u00e9cialiste des jetons \u00e9v\u00e9nementiels s\u00e9parables. Ces jetons \u00e9v\u00e9nementiels sont des pi\u00e8ces en plastique facilement divisibles, les plaques sont s\u00e9parables en jetons individuels entiers ou en demi-jetons. C&#039;est-\u00e0-dire que chaque jeton comporte une marque de d\u00e9coupe pour pouvoir le s\u00e9parer en deux facilement. Il est moins cher d&#039;imprimer des jetons \u00e9v\u00e9nementiels s\u00e9parables avec 1 seule couleur qu&#039;en quadrichromie. Nous vous laissons donc choisir entre le prix le plus comp\u00e9titif et une apparence top jusque dans les d\u00e9tails de votre visuel, il y en a pour tous les go\u00fbts ! <\/p>\n","protected":false},"excerpt":{"rendered":"<p>Ces jetons sont faits sp\u00e9cialement pour r\u00e9pondre aux besoins des festivals ou autres \u00e9v\u00e9nement ! [site_name] est le sp\u00e9cialiste des jetons \u00e9v\u00e9nementiels s\u00e9parables. Ces jetons \u00e9v\u00e9nementiels sont des pi\u00e8ces en plastique facilement divisibles, les plaques sont s\u00e9parables en jetons individuels entiers ou en demi-jetons. C&#039;est-\u00e0-dire que chaque jeton comporte une marque de d\u00e9coupe pour pouvoir [&hellip;]<\/p>\n","protected":false},"featured_media":2948,"comment_status":"open","ping_status":"closed","template":"","meta":[],"product_brand":[],"product_cat":[74],"product_tag":[],"class_list":{"0":"post-2947","1":"product","2":"type-product","3":"status-publish","4":"has-post-thumbnail","6":"product_cat-hotellerie-restauration","8":"first","9":"instock","10":"taxable","11":"shipping-taxable","12":"product-type-simple"},"_links":{"self":[{"href":"https:\/\/www.printings-n.com\/it\/wp-json\/wp\/v2\/product\/2947","targetHints":{"allow":["GET"]}}],"collection":[{"href":"https:\/\/www.printings-n.com\/it\/wp-json\/wp\/v2\/product"}],"about":[{"href":"https:\/\/www.printings-n.com\/it\/wp-json\/wp\/v2\/types\/product"}],"replies":[{"embeddable":true,"href":"https:\/\/www.printings-n.com\/it\/wp-json\/wp\/v2\/comments?post=2947"}],"wp:featuredmedia":[{"embeddable":true,"href":"https:\/\/www.printings-n.com\/it\/wp-json\/wp\/v2\/media\/2948"}],"wp:attachment":[{"href":"https:\/\/www.printings-n.com\/it\/wp-json\/wp\/v2\/media?parent=2947"}],"wp:term":[{"taxonomy":"product_brand","embeddable":true,"href":"https:\/\/www.printings-n.com\/it\/wp-json\/wp\/v2\/product_brand?post=2947"},{"taxonomy":"product_cat","embeddable":true,"href":"https:\/\/www.printings-n.com\/it\/wp-json\/wp\/v2\/product_cat?post=2947"},{"taxonomy":"product_tag","embeddable":true,"href":"https:\/\/www.printings-n.com\/it\/wp-json\/wp\/v2\/product_tag?post=2947"}],"curies":[{"name":"wp","href":"https:\/\/api.w.org\/{rel}","templated":true}]}}